{"id":828,"date":"2014-05-30T11:44:52","date_gmt":"2014-05-30T11:44:52","guid":{"rendered":"http:\/\/elenacuza.ro\/wp\/?page_id=828"},"modified":"2026-01-19T11:39:05","modified_gmt":"2026-01-19T11:39:05","slug":"ielts","status":"publish","type":"page","link":"http:\/\/elenacuza.ro\/?page_id=828","title":{"rendered":"CAMBRIDGE 2026"},"content":{"rendered":"<p><img decoding=\"async\" loading=\"lazy\" class=\"alignnone size-medium wp-image-4483\" src=\"http:\/\/elenacuza.ro\/wp-content\/uploads\/2014\/05\/WhatsApp-Image-2021-04-21-at-15.28.59-300x160.jpeg\" alt=\"WhatsApp Image 2021-04-21 at 15.28.59\" width=\"300\" height=\"160\" srcset=\"http:\/\/elenacuza.ro\/wp-content\/uploads\/2014\/05\/WhatsApp-Image-2021-04-21-at-15.28.59-300x160.jpeg 300w, http:\/\/elenacuza.ro\/wp-content\/uploads\/2014\/05\/WhatsApp-Image-2021-04-21-at-15.28.59-1024x549.jpeg 1024w, http:\/\/elenacuza.ro\/wp-content\/uploads\/2014\/05\/WhatsApp-Image-2021-04-21-at-15.28.59-326x175.jpeg 326w, http:\/\/elenacuza.ro\/wp-content\/uploads\/2014\/05\/WhatsApp-Image-2021-04-21-at-15.28.59.jpeg 1599w\" sizes=\"(max-width: 300px) 100vw, 300px\" \/><img decoding=\"async\" loading=\"lazy\" class=\"alignnone size-medium wp-image-4468\" src=\"http:\/\/elenacuza.ro\/wp-content\/uploads\/2014\/05\/CN-_ELENA-CUZA_-Craiova-IELTS-1200-X-300-300x75.png\" alt=\"CN _ELENA CUZA_ Craiova - IELTS 1200 X 300\" width=\"300\" height=\"75\" srcset=\"http:\/\/elenacuza.ro\/wp-content\/uploads\/2014\/05\/CN-_ELENA-CUZA_-Craiova-IELTS-1200-X-300-300x75.png 300w, http:\/\/elenacuza.ro\/wp-content\/uploads\/2014\/05\/CN-_ELENA-CUZA_-Craiova-IELTS-1200-X-300-1024x256.png 1024w, http:\/\/elenacuza.ro\/wp-content\/uploads\/2014\/05\/CN-_ELENA-CUZA_-Craiova-IELTS-1200-X-300-700x175.png 700w, http:\/\/elenacuza.ro\/wp-content\/uploads\/2014\/05\/CN-_ELENA-CUZA_-Craiova-IELTS-1200-X-300.png 1200w\" sizes=\"(max-width: 300px) 100vw, 300px\" \/> <a href=\"http:\/\/elenacuza.ro\/wp-content\/uploads\/2025\/04\/1.jpg\"><img decoding=\"async\" loading=\"lazy\" class=\"alignnone wp-image-6729\" src=\"http:\/\/elenacuza.ro\/wp-content\/uploads\/2025\/04\/1.jpg\" alt=\"\" width=\"207\" height=\"207\" srcset=\"http:\/\/elenacuza.ro\/wp-content\/uploads\/2025\/04\/1.jpg 1080w, http:\/\/elenacuza.ro\/wp-content\/uploads\/2025\/04\/1-300x300.jpg 300w, http:\/\/elenacuza.ro\/wp-content\/uploads\/2025\/04\/1-1024x1024.jpg 1024w, http:\/\/elenacuza.ro\/wp-content\/uploads\/2025\/04\/1-150x150.jpg 150w, http:\/\/elenacuza.ro\/wp-content\/uploads\/2025\/04\/1-768x768.jpg 768w, http:\/\/elenacuza.ro\/wp-content\/uploads\/2025\/04\/1-175x175.jpg 175w\" sizes=\"(max-width: 207px) 100vw, 207px\" \/><\/a> <a href=\"http:\/\/elenacuza.ro\/wp-content\/uploads\/2025\/04\/2.jpg\"><img decoding=\"async\" loading=\"lazy\" class=\"alignnone wp-image-6731\" src=\"http:\/\/elenacuza.ro\/wp-content\/uploads\/2025\/04\/2.jpg\" alt=\"\" width=\"205\" height=\"205\" srcset=\"http:\/\/elenacuza.ro\/wp-content\/uploads\/2025\/04\/2.jpg 1080w, http:\/\/elenacuza.ro\/wp-content\/uploads\/2025\/04\/2-300x300.jpg 300w, http:\/\/elenacuza.ro\/wp-content\/uploads\/2025\/04\/2-1024x1024.jpg 1024w, http:\/\/elenacuza.ro\/wp-content\/uploads\/2025\/04\/2-150x150.jpg 150w, http:\/\/elenacuza.ro\/wp-content\/uploads\/2025\/04\/2-768x768.jpg 768w, http:\/\/elenacuza.ro\/wp-content\/uploads\/2025\/04\/2-175x175.jpg 175w\" sizes=\"(max-width: 205px) 100vw, 205px\" \/><\/a> <a href=\"http:\/\/elenacuza.ro\/wp-content\/uploads\/2025\/04\/3.jpg\"><img decoding=\"async\" loading=\"lazy\" class=\"alignnone wp-image-6733\" src=\"http:\/\/elenacuza.ro\/wp-content\/uploads\/2025\/04\/3.jpg\" alt=\"\" width=\"206\" height=\"206\" srcset=\"http:\/\/elenacuza.ro\/wp-content\/uploads\/2025\/04\/3.jpg 1080w, http:\/\/elenacuza.ro\/wp-content\/uploads\/2025\/04\/3-300x300.jpg 300w, http:\/\/elenacuza.ro\/wp-content\/uploads\/2025\/04\/3-1024x1024.jpg 1024w, http:\/\/elenacuza.ro\/wp-content\/uploads\/2025\/04\/3-150x150.jpg 150w, http:\/\/elenacuza.ro\/wp-content\/uploads\/2025\/04\/3-768x768.jpg 768w, http:\/\/elenacuza.ro\/wp-content\/uploads\/2025\/04\/3-175x175.jpg 175w\" sizes=\"(max-width: 206px) 100vw, 206px\" \/><\/a><\/p>\n<h3><b>Centru Autorizat de\u00a0<\/b><b>Preg\u0103tire<\/b><b>\u00a0Lingvistic\u0103 CAMBRIDGE si IELTS<\/b><\/h3>\n<h3>Informatiile pentru examenele Cambridge organizate la Colegiul Elena Cuza:<\/h3>\n<p>CAMBRIDGE EXAMS 2026<\/p>\n<p>PAPER-BASED + HEADPHONES<\/p>\n<table>\n<tbody>\n<tr>\n<td width=\"48\">Nr. crt.<\/td>\n<td width=\"173\">EXAM<\/td>\n<td width=\"97\">DATE<\/td>\n<td width=\"117\">DEADLINE<\/td>\n<td width=\"116\">SPEAKING<\/td>\n<td width=\"73\">TAX\u0102<\/p>\n<p>(lei)<\/td>\n<\/tr>\n<tr>\n<td width=\"48\">1<\/td>\n<td width=\"173\"><strong>C1 ADVANCED<\/strong><\/td>\n<td width=\"97\">2O IUNIE 2026<\/td>\n<td width=\"117\">07 MAI 2026<\/td>\n<td width=\"116\">21 IUNIE 2026<\/td>\n<td width=\"73\">845<\/p>\n<p>795 &#8211; bilingv<\/td>\n<\/tr>\n<tr>\n<td width=\"48\">2<\/td>\n<td width=\"173\"><strong>B2 FIRST<\/strong><\/td>\n<td width=\"97\">20 IUNIE 2026<\/td>\n<td width=\"117\">07 MAI 2026<\/td>\n<td width=\"116\">21 IUNIE 2026<\/td>\n<td width=\"73\">835<\/td>\n<\/tr>\n<tr>\n<td width=\"48\">3<\/td>\n<td width=\"173\"><strong>B1 PRELIMINARY<\/strong><\/td>\n<td width=\"97\">19 IUNIE 2026<\/td>\n<td width=\"117\">04 MAI 2026<\/td>\n<td width=\"116\">21 IUNIE 2026<\/td>\n<td width=\"73\">625<\/td>\n<\/tr>\n<tr>\n<td width=\"48\">4<\/td>\n<td width=\"173\"><strong>A2 FOR SCHOOLS<\/strong><\/td>\n<td width=\"97\">19 IUNIE 2026<\/td>\n<td width=\"117\">04 MAI 2026<\/td>\n<td width=\"116\">21 IUNIE 2026<\/td>\n<td width=\"73\">525<\/td>\n<\/tr>\n<\/tbody>\n<\/table>\n<p>&nbsp;<\/p>\n<p>&nbsp;<\/p>\n<p>PAPER-BASED<\/p>\n<p>SPEAKING A2, B1 \u2013 13-22 IUNIE 2026<\/p>\n<p>SPEAKING\u00a0 12-21 IUNIE 2026<\/p>\n<p>REZULTATE ONLINE: 17-30 IULIE 2026<\/p>\n<p>ELIBERARE CERTIFICAT: 5 AUGUST 2026<\/p>\n<h3><\/h3>\n<h3>Persoana de contact: prof Tranca Georgiana 0745233613<\/h3>\n<h3><\/h3>\n<h3 style=\"text-align: justify;\">Absolvirea acestor examene ofer\u0103 cele mai prestigioase certificate pentru cei ce studiaz\u0103 limba englez\u0103; fiind folosite \u00een peste 130 de \u021b\u0103ri \u0219i recunoscute de peste 10.000 universit\u0103\u021bi \u0219i angajatori pe plan interna\u021bional.\u00a0Termen valabilitate certificate: IELTS: 2 ani de la data sus\u021binerii testului; CAMBRIDGE: neliminat.<\/h3>\n<h3 style=\"text-align: justify;\"><b style=\"font-size: 1.17em;\">IMPORTANT:\u00a0 \u00a0\u00a0<\/b><\/h3>\n<h3 style=\"text-align: justify;\">&#8211; Probele de competen\u021b\u0103 lingvistic\u0103 din cadrul Bacalaureatului pot fi echivalate cu rezultatele ob\u021binute la examenele Cambridge, \u00een conformitate cu Ordinul nr. 5794\/ 29.10.2009, emis de Ministerul Educa\u021biei, Cercet\u0103rii, Tineretului \u0219i Sportului \u0219i publicat \u00een Monitorul Oficial.<\/h3>\n<h3 style=\"text-align: justify;\">&#8211; Examenele CAMBRIDGE sunt organizate de <a style=\"font-size: 1.17em;\" href=\"https:\/\/www.eecentre.ro\/examene-cambridge-engleza\/\">EECentre<\/a> la sediul centrului nostru sau la sediul EECentre, pentru to\u021bi candida\u021bii preg\u0103ti\u021bi, indiferent de nivelul lingvistic.<\/h3>\n<h3 style=\"text-align: justify;\">&#8211; Pentru mai multe informa\u021bii suplimentare, preg\u0103tire lingvistica, mock exam, <a style=\"font-size: 1.17em;\" href=\"https:\/\/www.eecentre.ro\/simulare-online-examene-cambridge\">simul\u0103ri online<\/a>\u00a0\u0219i \u00eenscrieri la examene, v\u0103 rug\u0103m s\u0103 ne contacta\u021bi.<\/h3>\n<h3><b style=\"font-size: 1.17em;\">Contact EUROPEAN EXAMINATIONS CENTRE (EECentre):<\/b><\/h3>\n<h3>\u25aa\u00a0\u00a0\u00a0\u00a0\u00a0\u00a0\u00a0\u00a0 internet:\u00a0\u00a0\u00a0\u00a0\u00a0\u00a0\u00a0\u00a0 <a href=\"http:\/\/www.eecentre.ro\/\">www.EECentre.ro<\/a>;<\/h3>\n<h3>\u25aa\u00a0\u00a0\u00a0\u00a0\u00a0\u00a0\u00a0\u00a0 facebook:\u00a0\u00a0\u00a0\u00a0\u00a0\u00a0\u00a0 <a href=\"https:\/\/www.facebook.com\/EECentre.ro\/\">EECentre European Examinations<\/a>;<\/h3>\n<h3>\u25aa\u00a0\u00a0\u00a0\u00a0\u00a0\u00a0\u00a0\u00a0 LinkedIn:\u00a0\u00a0\u00a0\u00a0\u00a0\u00a0\u00a0\u00a0 <a href=\"https:\/\/www.linkedin.com\/company\/european-examinations-centre\">EECentre European Examinations<\/a>;<\/h3>\n<h3>\u25aa\u00a0\u00a0\u00a0\u00a0\u00a0\u00a0\u00a0\u00a0 YouTube: \u00a0\u00a0\u00a0\u00a0\u00a0\u00a0 <a href=\"https:\/\/www.youtube.com\/channel\/UCYkV0W9UGqaiEnAKXtWg3UQ\">EUROPEAN EXAMINATIONS CENTRE<\/a>;<\/h3>\n<h3>\u25aa\u00a0\u00a0\u00a0\u00a0\u00a0\u00a0\u00a0\u00a0 instagram: \u00a0\u00a0\u00a0\u00a0 <a href=\"https:\/\/www.instagram.com\/eecentre.ro\/\">eecentre.ro<\/a>.<\/h3>\n<h3 style=\"text-align: justify;\"><b>Despre EUROPEAN EXAMINATIONS CENTRE (EECentre):<\/b><\/h3>\n<h3 style=\"text-align: justify;\"><a href=\"https:\/\/www.eecentre.ro\/despre-noi#prezentare_companie\">EUROPEAN EXAMINATIONS CENTRE &#8211; EECentre<\/a> este o institu\u021bie autorizat\u0103 de prestigioase organisme interna\u021bionale de \u00eenv\u0103\u021b\u0103m\u00e2nt s\u0103 furnizeze \u00een Rom\u00e2nia, examene de certificare a cuno\u0219tin\u021belor de <a href=\"https:\/\/www.eecentre.ro\/examene-cambridge-engleza\/\">limba englez<\/a>\u0103\u00a0(<a href=\"https:\/\/www.ieltsessentials.com\/\">IELTS<\/a>, <a href=\"https:\/\/www.cambridgeenglish.org\/\">CAMBRIDGE<\/a>, <a href=\"https:\/\/www.cambridgeenglish.org\/ro\/exams-and-tests\/linguaskill\/\">LINGUASKILL<\/a>, <a href=\"https:\/\/www.trinitycollege.com\/\">TRINITY<\/a>) si <a href=\"https:\/\/www.eecentre.ro\/examene-osd-germana\/\">limba german\u0103<\/a>\u00a0(<a href=\"https:\/\/www.osd.at\/en\/\">\u00d6SD<\/a>), conform procedurilor interna\u021bionale, \u00een condi\u021bii \u0219i la standarde de calitate identice cu orice alt centru de examinare din Europa, America, Asia.<\/h3>\n<h3 style=\"text-align: justify;\">Din\u00a02018\u00a0 EECentre este unicul \u201e<a style=\"font-size: 1.17em;\" href=\"https:\/\/www.eecentre.ro\/despre-noi#prezentare_companie\">centru de platin<\/a>\u0103\u201d\u00a0din\u00a0Rom\u00e2nia,\u00a0care organizeaz\u0103 examene Cambridge &#8211;\u00a0cea mai \u00eenalt\u0103 titulatura acordata\u00a0centrelor de examinare\u00a0de\u00a0c\u0103tre\u00a0CAMBRIDGE ASSESSMENT ENGLISH (UK), pentru excelen\u021ba examenelor de limba englez\u0103 \u0219i calitatea\u00a0parteneriatelor dezvoltate cu institu\u021biile educa\u021bionale partenere.<\/h3>\n<p><img decoding=\"async\" loading=\"lazy\" class=\"aligncenter size-full wp-image-867\" src=\"http:\/\/elenacuza.ro\/wp\/wp-content\/uploads\/2014\/05\/ielts2.jpg\" alt=\"ielts\" width=\"903\" height=\"237\" srcset=\"http:\/\/elenacuza.ro\/wp-content\/uploads\/2014\/05\/ielts2.jpg 903w, http:\/\/elenacuza.ro\/wp-content\/uploads\/2014\/05\/ielts2-300x78.jpg 300w, http:\/\/elenacuza.ro\/wp-content\/uploads\/2014\/05\/ielts2-666x175.jpg 666w\" sizes=\"(max-width: 903px) 100vw, 903px\" \/><\/p>\n<div id=\"yui_3_16_0_1_1401458077287_5442\">\n<h3><a id=\"yui_3_16_0_1_1401458077287_5443\" href=\"http:\/\/www.youtube.com\/watch?v=NpLRXo-BxQI&amp;list=UUiooIcx7Slmuczo6HkaE41g\" target=\"_blank\" rel=\"nofollow noopener\">Persoan\u0103 de contact: prof. Tranc\u0103 Georgiana, telefon 0745233613<\/a><\/h3>\n<div class='gallery'><dl class='gallery-item'>\n\t\t\t<dt class='gallery-icon landscape'>\n\t\t\t\t<a href='http:\/\/elenacuza.ro\/wp-content\/uploads\/2014\/05\/2.jpg'><img width=\"150\" height=\"150\" src=\"http:\/\/elenacuza.ro\/wp-content\/uploads\/2014\/05\/2-150x150.jpg\" class=\"attachment-thumbnail size-thumbnail\" alt=\"\" decoding=\"async\" loading=\"lazy\" srcset=\"http:\/\/elenacuza.ro\/wp-content\/uploads\/2014\/05\/2-150x150.jpg 150w, http:\/\/elenacuza.ro\/wp-content\/uploads\/2014\/05\/2-300x300.jpg 300w, http:\/\/elenacuza.ro\/wp-content\/uploads\/2014\/05\/2-1024x1024.jpg 1024w, http:\/\/elenacuza.ro\/wp-content\/uploads\/2014\/05\/2-175x175.jpg 175w, http:\/\/elenacuza.ro\/wp-content\/uploads\/2014\/05\/2.jpg 1080w\" sizes=\"(max-width: 150px) 100vw, 150px\" \/><\/a>\n\t\t\t<\/dt><\/dl><dl class='gallery-item'>\n\t\t\t<dt class='gallery-icon landscape'>\n\t\t\t\t<a href='http:\/\/elenacuza.ro\/wp-content\/uploads\/2014\/05\/1.jpg'><img width=\"150\" height=\"150\" src=\"http:\/\/elenacuza.ro\/wp-content\/uploads\/2014\/05\/1-150x150.jpg\" class=\"attachment-thumbnail size-thumbnail\" alt=\"\" decoding=\"async\" loading=\"lazy\" srcset=\"http:\/\/elenacuza.ro\/wp-content\/uploads\/2014\/05\/1-150x150.jpg 150w, http:\/\/elenacuza.ro\/wp-content\/uploads\/2014\/05\/1-300x300.jpg 300w, http:\/\/elenacuza.ro\/wp-content\/uploads\/2014\/05\/1-1024x1024.jpg 1024w, http:\/\/elenacuza.ro\/wp-content\/uploads\/2014\/05\/1-175x175.jpg 175w, http:\/\/elenacuza.ro\/wp-content\/uploads\/2014\/05\/1.jpg 1080w\" sizes=\"(max-width: 150px) 100vw, 150px\" \/><\/a>\n\t\t\t<\/dt><\/dl><dl class='gallery-item'>\n\t\t\t<dt class='gallery-icon landscape'>\n\t\t\t\t<a href='http:\/\/elenacuza.ro\/wp-content\/uploads\/2014\/05\/WhatsApp-Image-2021-04-21-at-15.28.59.jpeg'><img width=\"150\" height=\"150\" src=\"http:\/\/elenacuza.ro\/wp-content\/uploads\/2014\/05\/WhatsApp-Image-2021-04-21-at-15.28.59-150x150.jpeg\" class=\"attachment-thumbnail size-thumbnail\" alt=\"\" decoding=\"async\" loading=\"lazy\" \/><\/a>\n\t\t\t<\/dt><\/dl><dl class='gallery-item'>\n\t\t\t<dt class='gallery-icon landscape'>\n\t\t\t\t<a href='http:\/\/elenacuza.ro\/wp-content\/uploads\/2014\/05\/CN-_ELENA-CUZA_-Craiova-IELTS-1200-X-300.png'><img width=\"150\" height=\"150\" src=\"http:\/\/elenacuza.ro\/wp-content\/uploads\/2014\/05\/CN-_ELENA-CUZA_-Craiova-IELTS-1200-X-300-150x150.png\" class=\"attachment-thumbnail size-thumbnail\" alt=\"\" decoding=\"async\" loading=\"lazy\" \/><\/a>\n\t\t\t<\/dt><\/dl><br style=\"clear: both\" \/>\n\t\t<\/div>\n\n<\/div>\n","protected":false},"excerpt":{"rendered":"<p>Centru Autorizat de\u00a0Preg\u0103tire\u00a0Lingvistic\u0103 CAMBRIDGE si IELTS Informatiile pentru examenele Cambridge organizate la Colegiul Elena Cuza: CAMBRIDGE EXAMS 2026 PAPER-BASED + HEADPHONES Nr. crt. EXAM DATE DEADLINE SPEAKING TAX\u0102 (lei) 1 C1 ADVANCED 2O IUNIE 2026 07 MAI 2026 21 IUNIE 2026 845 795 &#8211; bilingv 2 B2 FIRST 20 IUNIE [&hellip;]<\/p>\n","protected":false},"author":1,"featured_media":0,"parent":0,"menu_order":0,"comment_status":"closed","ping_status":"closed","template":"template-full-width.php","meta":[],"_links":{"self":[{"href":"http:\/\/elenacuza.ro\/index.php?rest_route=\/wp\/v2\/pages\/828"}],"collection":[{"href":"http:\/\/elenacuza.ro\/index.php?rest_route=\/wp\/v2\/pages"}],"about":[{"href":"http:\/\/elenacuza.ro\/index.php?rest_route=\/wp\/v2\/types\/page"}],"author":[{"embeddable":true,"href":"http:\/\/elenacuza.ro\/index.php?rest_route=\/wp\/v2\/users\/1"}],"replies":[{"embeddable":true,"href":"http:\/\/elenacuza.ro\/index.php?rest_route=%2Fwp%2Fv2%2Fcomments&post=828"}],"version-history":[{"count":60,"href":"http:\/\/elenacuza.ro\/index.php?rest_route=\/wp\/v2\/pages\/828\/revisions"}],"predecessor-version":[{"id":7111,"href":"http:\/\/elenacuza.ro\/index.php?rest_route=\/wp\/v2\/pages\/828\/revisions\/7111"}],"wp:attachment":[{"href":"http:\/\/elenacuza.ro\/index.php?rest_route=%2Fwp%2Fv2%2Fmedia&parent=828"}],"curies":[{"name":"wp","href":"https:\/\/api.w.org\/{rel}","templated":true}]}}