{"id":759,"date":"2014-01-10T07:12:43","date_gmt":"2014-01-10T07:12:43","guid":{"rendered":"http:\/\/elenacuza.ro\/wp\/?page_id=759"},"modified":"2015-10-08T04:05:51","modified_gmt":"2015-10-08T04:05:51","slug":"examene-nationale","status":"publish","type":"page","link":"http:\/\/elenacuza.ro\/?page_id=759","title":{"rendered":"Examene nationale"},"content":{"rendered":"<p>&nbsp;<\/p>\n<div id=\"yui_3_16_0_1_1444283142007_2905\"><\/div>\n<p>&nbsp;<\/p>\n<p><a href=\"http:\/\/bacalaureat.edu.ro\" target=\"_blank\"><\/p>\n<h3 style=\"padding-left: 30px;\">EXAMENUL NA\u0162IONAL DE BACALAUREAT<\/h3>\n<p><\/a><\/p>\n<h3 style=\"padding-left: 30px;\"><a href=\"http:\/\/admitere.edu.ro\" target=\"_blank\">ADMITEREA IN LICEE \u015eI EVALUAREA NA\u0162IONAL\u0102<\/a><\/h3>\n<p><a href=\"http:\/\/subiecte2015.edu.ro\" target=\"_blank\"><\/p>\n<h3 style=\"padding-left: 30px;\">SUBIECTE EXAMENE NA\u0162IONALE, LEGISLA\u0162IE EXAMENE NA\u0162IONALE<\/h3>\n<p><\/a><\/p>\n<p>&nbsp;<\/p>\n","protected":false},"excerpt":{"rendered":"<p>&nbsp; &nbsp; EXAMENUL NA\u0162IONAL DE BACALAUREAT ADMITEREA IN LICEE \u015eI EVALUAREA NA\u0162IONAL\u0102 SUBIECTE EXAMENE NA\u0162IONALE, LEGISLA\u0162IE EXAMENE NA\u0162IONALE &nbsp;<\/p>\n","protected":false},"author":1,"featured_media":0,"parent":0,"menu_order":0,"comment_status":"closed","ping_status":"closed","template":"template-full-width.php","meta":[],"_links":{"self":[{"href":"http:\/\/elenacuza.ro\/index.php?rest_route=\/wp\/v2\/pages\/759"}],"collection":[{"href":"http:\/\/elenacuza.ro\/index.php?rest_route=\/wp\/v2\/pages"}],"about":[{"href":"http:\/\/elenacuza.ro\/index.php?rest_route=\/wp\/v2\/types\/page"}],"author":[{"embeddable":true,"href":"http:\/\/elenacuza.ro\/index.php?rest_route=\/wp\/v2\/users\/1"}],"replies":[{"embeddable":true,"href":"http:\/\/elenacuza.ro\/index.php?rest_route=%2Fwp%2Fv2%2Fcomments&post=759"}],"version-history":[{"count":6,"href":"http:\/\/elenacuza.ro\/index.php?rest_route=\/wp\/v2\/pages\/759\/revisions"}],"predecessor-version":[{"id":1201,"href":"http:\/\/elenacuza.ro\/index.php?rest_route=\/wp\/v2\/pages\/759\/revisions\/1201"}],"wp:attachment":[{"href":"http:\/\/elenacuza.ro\/index.php?rest_route=%2Fwp%2Fv2%2Fmedia&parent=759"}],"curies":[{"name":"wp","href":"https:\/\/api.w.org\/{rel}","templated":true}]}}