{"id":6876,"date":"2025-05-27T04:21:17","date_gmt":"2025-05-27T04:21:17","guid":{"rendered":"http:\/\/elenacuza.ro\/?page_id=6876"},"modified":"2025-05-27T04:21:17","modified_gmt":"2025-05-27T04:21:17","slug":"robotics-making-the-future-of-work-more-inclusive-and-equitable-nr-2023-1-ro01-ka122-vet-000114660","status":"publish","type":"page","link":"http:\/\/elenacuza.ro\/?page_id=6876","title":{"rendered":"Robotics: Making the future of work more inclusive and equitable nr. 2023-1-RO01-KA122-VET-000114660"},"content":{"rendered":"<h3 style=\"text-align: center;\"><strong>Proiect Erasmus+ <\/strong><strong>\u00abROBOTICS: MAKING THE FUTURE OF WORK MORE INCLUSIVE AND EQUITABLE\u00bb<\/strong><\/h3>\n<h3 style=\"text-align: center;\"><strong>(nr. de referin\u0163\u0103 2023-1-RO01-KA122-VET-000114660)<\/strong><strong><br \/>\n<\/strong><strong>DOMENIUL FORMARE PROFESIONAL\u0102 VET<\/strong><\/h3>\n<h3><strong>PERIOADA DE DERULARE<\/strong><strong>: 12 luni (01.10.2023-30.09.2024)<\/strong><\/h3>\n<h3><strong>NUM\u0102R PROFESORI DE INFORMATIC\u0102 PARTICIPAN\u021aI LA CURSUL DE FORMARE\u00a0<\/strong><strong>\u00abCoding and Robotics with Arduino\u00bb, 15-20 aprilie 2024, Malta, furnizor Europass Teacher Academy<\/strong><strong>: 5<\/strong><\/h3>\n<h3><strong>NUM\u0102R ELEVI PARTICIPAN\u021aI LA STAGIUL PRACTIC DE ROBOTIC\u0102,\u00a0<\/strong><strong>13-24 mai 2024<\/strong><strong>, Paphos, Cipru, furnizor L. Lazarou CTC<\/strong><strong>: 21<\/strong><\/h3>\n<h3><strong>NUM\u0102R PROFESORI \u00ceNSO\u021aITORI: 3<\/strong><\/h3>\n<h3><strong>ORGANIZA\u0162II DE PRIMIRE:<\/strong><\/h3>\n<ul>\n<li>\n<h3><strong> LAZAROU CTC<\/strong><\/h3>\n<\/li>\n<li>\n<h3><strong>EUROPASS TEACHER ACADEMY<\/strong><\/h3>\n<\/li>\n<\/ul>\n<h3><strong>ORGANIZA\u0162II INTERMEDIARE:<\/strong><\/h3>\n<ul>\n<li>\n<h3><strong>ORGANIZATION FOR PROMOTION OF EUROPEAN ISSUES<\/strong><\/h3>\n<\/li>\n<\/ul>\n<h3><strong>OBIECTIVE:<\/strong><\/h3>\n<h3><strong>O1-Dezvoltarea competen\u021belor a 21 elevi (cls. X-XI) de la profilul real, specializarea\u00a0matematic\u0103-informatic\u0103, din\u00a0Colegiul Na\u0163ional \u00abElena Cuza\u00bb:<\/strong><\/h3>\n<h3><strong>-de proiectare, realizare, implementare a aplica\u021biilor pentru robotic\u0103<\/strong><\/h3>\n<h3><strong>-de design pentru robo\u021bi<\/strong><\/h3>\n<h3><strong>-soft, interculturale, lingvistice<\/strong><\/h3>\n<h3><strong>O2-Dezvoltarea competen\u021belor a 5 profesori de informatic\u0103 din Colegiul Na\u0163ional \u00abElena Cuza\u00bb:<\/strong><\/h3>\n<h3><strong>-\u00een programare \u0219i robotic\u0103 cu ajutorul software-ul Arduino<\/strong><\/h3>\n<h3><strong>-soft, interculturale, lingvistice<\/strong><\/h3>\n<h3><strong>O3-Dezvoltarea curriculum-ului Colegiului Na\u0163ional \u00abElena Cuza\u00bb, prin crearea unui program de instruire \u00een robotic\u0103, cu 2 module \u0219i 140 de ore, pentru 200 de elevi de la profilul real, specializarea\u00a0matematic\u0103-informatic\u0103<\/strong><\/h3>\n<h3><strong>O4\u2013Dezvoltarea comunic\u0103rii la nivel local, na\u021bional, european cu \u0219coli din re\u021beaua Erasmus+ \u00een scopul schimbului de bune practici \u00een domeniul roboticii<\/strong><\/h3>\n<h3><strong>\u00a0<\/strong><\/h3>\n<h3><strong>\u00a0<\/strong><\/h3>\n<h3><strong>PAGINA DE FACEBOOK A PROIECTELOR DIN DOMENIUL FORM\u0102RII PROFESIONALE VET: <a href=\"https:\/\/www.facebook.com\/profile.php?id=61553180841432\">https:\/\/www.facebook.com\/profile.php?id=61553180841432<\/a><\/strong><\/h3>\n<h3><strong>\u00a0<\/strong><\/h3>\n<h3><strong>\u00a0<\/strong><\/h3>\n<h3><strong>\u00a0<\/strong><\/h3>\n<h3><strong>\u00a0<\/strong><\/h3>\n","protected":false},"excerpt":{"rendered":"<p>Proiect Erasmus+ \u00abROBOTICS: MAKING THE FUTURE OF WORK MORE INCLUSIVE AND EQUITABLE\u00bb (nr. de referin\u0163\u0103 2023-1-RO01-KA122-VET-000114660) DOMENIUL FORMARE PROFESIONAL\u0102 VET PERIOADA DE DERULARE: 12 luni (01.10.2023-30.09.2024) NUM\u0102R PROFESORI DE INFORMATIC\u0102 PARTICIPAN\u021aI LA CURSUL DE FORMARE\u00a0\u00abCoding and Robotics with Arduino\u00bb, 15-20 aprilie 2024, Malta, furnizor Europass Teacher Academy: 5 NUM\u0102R ELEVI [&hellip;]<\/p>\n","protected":false},"author":1,"featured_media":0,"parent":0,"menu_order":0,"comment_status":"closed","ping_status":"closed","template":"template-full-width.php","meta":[],"_links":{"self":[{"href":"http:\/\/elenacuza.ro\/index.php?rest_route=\/wp\/v2\/pages\/6876"}],"collection":[{"href":"http:\/\/elenacuza.ro\/index.php?rest_route=\/wp\/v2\/pages"}],"about":[{"href":"http:\/\/elenacuza.ro\/index.php?rest_route=\/wp\/v2\/types\/page"}],"author":[{"embeddable":true,"href":"http:\/\/elenacuza.ro\/index.php?rest_route=\/wp\/v2\/users\/1"}],"replies":[{"embeddable":true,"href":"http:\/\/elenacuza.ro\/index.php?rest_route=%2Fwp%2Fv2%2Fcomments&post=6876"}],"version-history":[{"count":1,"href":"http:\/\/elenacuza.ro\/index.php?rest_route=\/wp\/v2\/pages\/6876\/revisions"}],"predecessor-version":[{"id":6877,"href":"http:\/\/elenacuza.ro\/index.php?rest_route=\/wp\/v2\/pages\/6876\/revisions\/6877"}],"wp:attachment":[{"href":"http:\/\/elenacuza.ro\/index.php?rest_route=%2Fwp%2Fv2%2Fmedia&parent=6876"}],"curies":[{"name":"wp","href":"https:\/\/api.w.org\/{rel}","templated":true}]}}