{"id":6872,"date":"2025-05-27T04:17:45","date_gmt":"2025-05-27T04:17:45","guid":{"rendered":"http:\/\/elenacuza.ro\/?page_id=6872"},"modified":"2025-05-27T04:17:45","modified_gmt":"2025-05-27T04:17:45","slug":"acreditare-erasmus-domeniul-formare-profesionala-vet-2024-1-ro01-ka120-vet-000288326","status":"publish","type":"page","link":"http:\/\/elenacuza.ro\/?page_id=6872","title":{"rendered":"Acreditare Erasmus+ domeniul Formare Profesional\u0103 VET 2024-1-RO01-KA120-VET-000288326"},"content":{"rendered":"<h3 style=\"text-align: center;\"><strong>ACREDITARE ERASMUS+ <\/strong><\/h3>\n<h3 style=\"text-align: center;\"><strong>DOMENIUL FORMARE PROFESIONAL\u0102 VET<\/strong><\/h3>\n<h3 style=\"text-align: center;\"><strong>(Nr. acreditare 2024-1-RO01-KA120-VET-000288326)<\/strong><\/h3>\n<h3><strong>\u00a0<\/strong><\/h3>\n<h3><strong>\u00a0<\/strong><\/h3>\n<h3><strong>OBIECTIVELE ACREDIT\u0102RII (PLANUL ERASMUS):<\/strong><\/h3>\n<h3><strong>\u00a0<\/strong><\/h3>\n<h3><strong>O1-Dezvoltarea cu 70% a competen\u021belor elevilor de la profilul real, specializarea matematic\u0103-informatic\u0103, din\u00a0Colegiul Na\u0163ional \u00abElena Cuza\u00bb: <\/strong><\/h3>\n<h3><strong>-\u00een web design, robotic\u0103, app programming <\/strong><\/h3>\n<h3><strong>-interculturale, soft,<\/strong> a<strong>ntreprenoriale<\/strong><\/h3>\n<h3><strong>O2-Dezvoltarea cu 70% a competen\u021belor profesorilor de informatic\u0103 din\u00a0Colegiul Na\u0163ional \u00abElena Cuza\u00bb: <\/strong><\/h3>\n<h3><strong>-\u00een web design, robotic\u0103, app programming <\/strong><\/h3>\n<h3><strong>-metodice, interculturale, soft<\/strong><\/h3>\n<h3><strong>O3-Dezvoltarea cu 70% a calit\u0103\u021bii \u0219i cantit\u0103\u021bii curriculum-ului\u00a0Colegiului Na\u0163ional \u00abElena Cuza\u00bb\u00a0\u00een domeniul IT prin crearea a 1 program de instruire \u00een web design\/robotic\u0103\/app programming pentru elevii de la profilul real, specializarea matematic\u0103-informatic\u0103<\/strong><\/h3>\n<h3><strong>O4-Cre\u0219terea cu 50% a interesului fetelor de la profilul real, specializarea matematic\u0103-informatic\u0103, din\u00a0Colegiul Na\u0163ional \u00abElena Cuza\u00bb, pentru disciplina informatic\u0103 <\/strong><\/h3>\n<h3><strong>O5-Cre\u0219terea cu 50% a particip\u0103rii elevilor de la profilul real, specializarea matematic\u0103-informatic\u0103, din\u00a0Colegiul Na\u0163ional \u00abElena Cuza\u00bb, la via\u021ba \u0219colii \u015fi a comunit\u0103\u021bii, prin intermediul proiectelor\/programelor\/aplica\u021biilor IT<\/strong><\/h3>\n<h3><strong>O6-Dezvoltarea cu 70% a comunic\u0103rii\u00a0Colegiului Na\u0163ional \u00abElena Cuza\u00bb\u00a0la nivel local, na\u021bional, european cu \u0219coli \u015fi organiza\u0163ii din re\u021beaua Erasmus+ \u00een vederea schimbului de inova\u021bie \u00een domeniul IT \u0219i a cunoa\u0219terii pie\u021bei muncii\u00a0<\/strong><\/h3>\n<h3><strong>\u00a0<\/strong><\/h3>\n<h3><strong>PERIOADA DE ACREDITARE: 2025-2027<\/strong><\/h3>\n<h3><strong>PAGINA DE FACEBOOK A ACREDIT\u0102RII ERASMUS+ DIN DOMENIUL FORM\u0102RII PROFESIONALE VET: <a href=\"https:\/\/www.facebook.com\/profile.php?id=61553180841432\">https:\/\/www.facebook.com\/profile.php?id=61553180841432<\/a><\/strong><\/h3>\n<h3><strong>\u00a0<\/strong><\/h3>\n","protected":false},"excerpt":{"rendered":"<p>ACREDITARE ERASMUS+ DOMENIUL FORMARE PROFESIONAL\u0102 VET (Nr. acreditare 2024-1-RO01-KA120-VET-000288326) \u00a0 \u00a0 OBIECTIVELE ACREDIT\u0102RII (PLANUL ERASMUS): \u00a0 O1-Dezvoltarea cu 70% a competen\u021belor elevilor de la profilul real, specializarea matematic\u0103-informatic\u0103, din\u00a0Colegiul Na\u0163ional \u00abElena Cuza\u00bb: -\u00een web design, robotic\u0103, app programming -interculturale, soft, antreprenoriale O2-Dezvoltarea cu 70% a competen\u021belor profesorilor de informatic\u0103 din\u00a0Colegiul [&hellip;]<\/p>\n","protected":false},"author":1,"featured_media":0,"parent":0,"menu_order":0,"comment_status":"closed","ping_status":"closed","template":"template-full-width.php","meta":[],"_links":{"self":[{"href":"http:\/\/elenacuza.ro\/index.php?rest_route=\/wp\/v2\/pages\/6872"}],"collection":[{"href":"http:\/\/elenacuza.ro\/index.php?rest_route=\/wp\/v2\/pages"}],"about":[{"href":"http:\/\/elenacuza.ro\/index.php?rest_route=\/wp\/v2\/types\/page"}],"author":[{"embeddable":true,"href":"http:\/\/elenacuza.ro\/index.php?rest_route=\/wp\/v2\/users\/1"}],"replies":[{"embeddable":true,"href":"http:\/\/elenacuza.ro\/index.php?rest_route=%2Fwp%2Fv2%2Fcomments&post=6872"}],"version-history":[{"count":1,"href":"http:\/\/elenacuza.ro\/index.php?rest_route=\/wp\/v2\/pages\/6872\/revisions"}],"predecessor-version":[{"id":6873,"href":"http:\/\/elenacuza.ro\/index.php?rest_route=\/wp\/v2\/pages\/6872\/revisions\/6873"}],"wp:attachment":[{"href":"http:\/\/elenacuza.ro\/index.php?rest_route=%2Fwp%2Fv2%2Fmedia&parent=6872"}],"curies":[{"name":"wp","href":"https:\/\/api.w.org\/{rel}","templated":true}]}}