{"id":6848,"date":"2025-05-26T09:12:06","date_gmt":"2025-05-26T09:12:06","guid":{"rendered":"http:\/\/elenacuza.ro\/?page_id=6848"},"modified":"2025-05-26T14:59:07","modified_gmt":"2025-05-26T14:59:07","slug":"acreditare-anul-2","status":"publish","type":"page","link":"http:\/\/elenacuza.ro\/?page_id=6848","title":{"rendered":"Acreditare anul 2"},"content":{"rendered":"<h3 style=\"text-align: center;\"><a href=\"http:\/\/elenacuza.ro\/wp-content\/uploads\/2025\/05\/ACREDITARE-ANUL-2.pdf\" target=\"_blank\" rel=\"noopener\"><strong>Proiect Erasmus+ <\/strong><strong>nr.<\/strong> <strong>2024-1-RO01-KA121-ADU-000196735<\/strong><\/a><\/h3>\n<h3 style=\"text-align: center;\"><strong>DOMENIUL EDUCA\u0162IA ADUL\u0162ILOR<\/strong><\/h3>\n<h3 style=\"text-align: center;\"><strong>(nr. acreditare 2022-1-RO01-KA120-ADU-000104262)<\/strong><\/h3>\n<h3><strong>\u00a0<\/strong><\/h3>\n<h3><strong>BENEFICIAR: <\/strong>ASOCIA\u0162IA P\u0102RIN\u0162ILOR ELENA DOAMNA<\/h3>\n<h3><strong>PERIOADA DE DERULARE<\/strong><strong>: <\/strong>15 luni (01.06.2024-31.08.2025)<\/h3>\n<h3><strong>NUM\u0102R FORMATORI PARTICIPAN\u021aI LA MOBILIT\u0102\u0162I\u00a0: <\/strong>5<\/h3>\n<h3><strong>FURNIZORI DE FORMARE:<\/strong><\/h3>\n<ul>\n<li>\n<h3>EUROPASS TEACHER ACADEMY<\/h3>\n<\/li>\n<\/ul>\n<h3><strong>CURSURI DE FORMARE:<\/strong><\/h3>\n<h3>1.\u00abCultivating Diversity and Inclusion\u00bb, furnizor Europass Teacher Academy, 3-8 martie 2025, Roma, Italia<\/h3>\n<h3>2.\u00abZero-Waste School\u00bb (furnizor Europass Teacher Academy), Atena, Grecia, 10-15 martie 2025<\/h3>\n<h3>3.\u00abAI and the 6Cs for Future-Ready Teaching\u00bb, furnizor Europass Teacher Academy, 7-12 aprilie 2025, Ghent, Belgia<\/h3>\n<h3><strong>OBIECTIVELE PROIECTULUI:<\/strong><\/h3>\n<h3>O1-Cre\u0219terea num\u0103rului de formatori cu competen\u021be \u00eembun\u0103t\u0103\u021bite din cadrul Asocia\u0163iei P\u0103rin\u0163ilor Elena Doamna:<\/h3>\n<h3>-de incluziune social\u0103 \u0219i acceptare a diversit\u0103\u021bii<\/h3>\n<h3>-soft<\/h3>\n<h3>-de cet\u0103\u021benie ecologic\u0103<\/h3>\n<h3>O2-Cre\u0219terea num\u0103rului de metode \u0219i tehnici inovative, activ-participative, centrate pe formabil, folosite \u00een cadrul Asocia\u0163iei P\u0103rin\u0163ilor Elena Doamna<\/h3>\n<h3>O3-\u00cembun\u0103t\u0103\u021birea calit\u0103\u021bii ofertei de formare a Asocia\u0163iei P\u0103rin\u0163ilor Elena Doamna \u0219i crearea a 1 program de formare pentru formabilii Asocia\u0163iei P\u0103rin\u0163ilor Elena Doamna<\/h3>\n<h3>O4-Cre\u0219terea comunic\u0103rii cu alte organisme locale\/na\u021bionale\/interna\u021bionale \u00een vederea dezvolt\u0103rii de re\u021bele profesionale, spa\u021bii de schimb de bune practici, de transfer de inova\u021bie<strong> PAGINA DE FACEBOOK A ACREDIT\u0102RII ERASMUS+ DIN DOMENIUL EDUCA\u0162IEI ADUL\u0162ILOR:<\/strong><\/h3>\n<h3><strong><a href=\"https:\/\/www.facebook.com\/profile.php?id=100091914925959\">https:\/\/www.facebook.com\/profile.php?id=100091914925959<\/a><\/strong><\/h3>\n<p>&nbsp;<\/p>\n<p>&nbsp;<\/p>\n","protected":false},"excerpt":{"rendered":"<p>Proiect Erasmus+ nr. 2024-1-RO01-KA121-ADU-000196735 DOMENIUL EDUCA\u0162IA ADUL\u0162ILOR (nr. acreditare 2022-1-RO01-KA120-ADU-000104262) \u00a0 BENEFICIAR: ASOCIA\u0162IA P\u0102RIN\u0162ILOR ELENA DOAMNA PERIOADA DE DERULARE: 15 luni (01.06.2024-31.08.2025) NUM\u0102R FORMATORI PARTICIPAN\u021aI LA MOBILIT\u0102\u0162I\u00a0: 5 FURNIZORI DE FORMARE: EUROPASS TEACHER ACADEMY CURSURI DE FORMARE: 1.\u00abCultivating Diversity and Inclusion\u00bb, furnizor Europass Teacher Academy, 3-8 martie 2025, Roma, Italia [&hellip;]<\/p>\n","protected":false},"author":1,"featured_media":0,"parent":0,"menu_order":0,"comment_status":"closed","ping_status":"closed","template":"template-full-width.php","meta":[],"_links":{"self":[{"href":"http:\/\/elenacuza.ro\/index.php?rest_route=\/wp\/v2\/pages\/6848"}],"collection":[{"href":"http:\/\/elenacuza.ro\/index.php?rest_route=\/wp\/v2\/pages"}],"about":[{"href":"http:\/\/elenacuza.ro\/index.php?rest_route=\/wp\/v2\/types\/page"}],"author":[{"embeddable":true,"href":"http:\/\/elenacuza.ro\/index.php?rest_route=\/wp\/v2\/users\/1"}],"replies":[{"embeddable":true,"href":"http:\/\/elenacuza.ro\/index.php?rest_route=%2Fwp%2Fv2%2Fcomments&post=6848"}],"version-history":[{"count":5,"href":"http:\/\/elenacuza.ro\/index.php?rest_route=\/wp\/v2\/pages\/6848\/revisions"}],"predecessor-version":[{"id":6866,"href":"http:\/\/elenacuza.ro\/index.php?rest_route=\/wp\/v2\/pages\/6848\/revisions\/6866"}],"wp:attachment":[{"href":"http:\/\/elenacuza.ro\/index.php?rest_route=%2Fwp%2Fv2%2Fmedia&parent=6848"}],"curies":[{"name":"wp","href":"https:\/\/api.w.org\/{rel}","templated":true}]}}