{"id":5698,"date":"2024-07-08T13:53:52","date_gmt":"2024-07-08T13:53:52","guid":{"rendered":"http:\/\/elenacuza.ro\/?page_id=5698"},"modified":"2025-08-27T09:06:34","modified_gmt":"2025-08-27T09:06:34","slug":"transferuri-2024","status":"publish","type":"page","link":"http:\/\/elenacuza.ro\/?page_id=5698","title":{"rendered":"Transferuri 2025"},"content":{"rendered":"<h2 style=\"text-align: center;\">TRANSFERURI 2025<\/h2>\n<h2><a href=\"http:\/\/elenacuza.ro\/wp-content\/uploads\/2025\/08\/Examene-diferente-si-calendar-transferuri-2025.pdf\" target=\"_blank\" rel=\"noopener\">Examene diferen\u021be Liceu 2025<\/a><\/h2>\n<h2><a href=\"http:\/\/elenacuza.ro\/wp-content\/uploads\/2025\/06\/Model-cerere.pdf\" target=\"_blank\" rel=\"noopener\">Model cerere transfer<\/a><\/h2>\n<h2><a href=\"http:\/\/elenacuza.ro\/wp-content\/uploads\/2025\/06\/Model-adeverinta.pdf\" target=\"_blank\" rel=\"noopener\">Model adeverin\u021b\u0103<\/a><\/h2>\n<h2><a href=\"http:\/\/elenacuza.ro\/wp-content\/uploads\/2025\/08\/Criterii-transferuri-elevi-2025.pdf\" target=\"_blank\" rel=\"noopener\">Criterii transfer<\/a><\/h2>\n<h2><a href=\"http:\/\/elenacuza.ro\/wp-content\/uploads\/2025\/08\/Procedura-interna-transfer-elevi-CNEC.pdf\" target=\"_blank\" rel=\"noopener\">Procedur\u0103 intern\u0103 transfer elevi 2025<\/a><\/h2>\n","protected":false},"excerpt":{"rendered":"<p>TRANSFERURI 2025 Examene diferen\u021be Liceu 2025 Model cerere transfer Model adeverin\u021b\u0103 Criterii transfer Procedur\u0103 intern\u0103 transfer elevi 2025<\/p>\n","protected":false},"author":1,"featured_media":0,"parent":0,"menu_order":0,"comment_status":"closed","ping_status":"closed","template":"template-full-width.php","meta":[],"_links":{"self":[{"href":"http:\/\/elenacuza.ro\/index.php?rest_route=\/wp\/v2\/pages\/5698"}],"collection":[{"href":"http:\/\/elenacuza.ro\/index.php?rest_route=\/wp\/v2\/pages"}],"about":[{"href":"http:\/\/elenacuza.ro\/index.php?rest_route=\/wp\/v2\/types\/page"}],"author":[{"embeddable":true,"href":"http:\/\/elenacuza.ro\/index.php?rest_route=\/wp\/v2\/users\/1"}],"replies":[{"embeddable":true,"href":"http:\/\/elenacuza.ro\/index.php?rest_route=%2Fwp%2Fv2%2Fcomments&post=5698"}],"version-history":[{"count":9,"href":"http:\/\/elenacuza.ro\/index.php?rest_route=\/wp\/v2\/pages\/5698\/revisions"}],"predecessor-version":[{"id":7027,"href":"http:\/\/elenacuza.ro\/index.php?rest_route=\/wp\/v2\/pages\/5698\/revisions\/7027"}],"wp:attachment":[{"href":"http:\/\/elenacuza.ro\/index.php?rest_route=%2Fwp%2Fv2%2Fmedia&parent=5698"}],"curies":[{"name":"wp","href":"https:\/\/api.w.org\/{rel}","templated":true}]}}