{"id":560,"date":"2013-06-03T05:37:15","date_gmt":"2013-06-03T05:37:15","guid":{"rendered":"http:\/\/elenacuza.ro\/wp\/?page_id=560"},"modified":"2013-12-18T13:13:34","modified_gmt":"2013-12-18T13:13:34","slug":"ecdl","status":"publish","type":"page","link":"http:\/\/elenacuza.ro\/?page_id=560","title":{"rendered":"ECDL"},"content":{"rendered":"<p><img decoding=\"async\" loading=\"lazy\" class=\"aligncenter size-full wp-image-741\" alt=\"Print\" src=\"http:\/\/elenacuza.ro\/wp\/wp-content\/uploads\/2013\/06\/WebBannerECDLBAC.jpg\" width=\"728\" height=\"90\" srcset=\"http:\/\/elenacuza.ro\/wp-content\/uploads\/2013\/06\/WebBannerECDLBAC.jpg 728w, http:\/\/elenacuza.ro\/wp-content\/uploads\/2013\/06\/WebBannerECDLBAC-300x37.jpg 300w\" sizes=\"(max-width: 728px) 100vw, 728px\" \/><\/p>\n<p><img decoding=\"async\" loading=\"lazy\" class=\"aligncenter size-full wp-image-743\" alt=\"WebBannerECDLCV\" src=\"http:\/\/elenacuza.ro\/wp\/wp-content\/uploads\/2013\/06\/WebBannerECDLCV.jpg\" width=\"728\" height=\"90\" srcset=\"http:\/\/elenacuza.ro\/wp-content\/uploads\/2013\/06\/WebBannerECDLCV.jpg 728w, http:\/\/elenacuza.ro\/wp-content\/uploads\/2013\/06\/WebBannerECDLCV-300x37.jpg 300w\" sizes=\"(max-width: 728px) 100vw, 728px\" \/><\/p>\n<p><strong>Centrul DJ604 de la Colegiul Na\u0163ional Elena Cuza este Centru de Testare Acreditat ECDL<\/strong><\/p>\n<p style=\"text-align: justify;\"><strong>\u00a0Permisul european de conducere a computerului (ECDL \u2013 European Computer Driving Licence)<\/strong>\u00a0este cel mai r\u0103sp\u00e2ndit standard de certificare a abilit\u0103\u021bilor de utilizare a computerului, recunoscut la nivel interna\u0163ional.<\/p>\n<p style=\"text-align: justify;\">Permisul ECDL este folosit \u015fi recunoscut <strong>\u00een 150 de \u021b\u0103ri<\/strong>\u00a0 de c\u0103tre companii de renume, \u00een administra\u0163ie sau de institu\u0163ii de \u00eenv\u0103\u0163\u0103m\u00e2nt de prestigiu. \u00cen afara Europei, programul este denumit International Computer Driving Licence (ICDL).<\/p>\n<p style=\"text-align: justify;\"><strong>Valabilitatea Permisului ECDL<\/strong><\/p>\n<p style=\"text-align: justify;\"><strong>Permisul ECDL ob\u0163inut \u00een Rom\u00e2nia este valabil \u00een oricare dintre cele 150 de \u0163\u0103ri din \u00eentreaga lume \u00een care este recunoscut standardul ECDL\/ICDL.<\/strong><\/p>\n<p style=\"text-align: justify;\">Permisul ECDL nu are limit\u0103 de valabilitate \u00een timp, competen\u021bele digitale fiind certificate pe via\u021b\u0103, \u00een conformitate cu programele analitice aferente fiec\u0103rui modul, aflate \u00een vigoare la momentul sus\u021binerii examin\u0103rii.<\/p>\n<p><strong>Cui se adreseaz\u0103 certific\u0103rile ECDL?<\/strong><\/p>\n<p><strong>Certific\u0103rile ECDL se adreseaz\u0103 oric\u0103rei persoane care are nevoie \u0219i dore\u0219te s\u0103 \u00ee\u0219i certifice la standard recunoscut interna\u021bional abilit\u0103\u021bile de utilizare a computerului.<\/strong><\/p>\n<p>Nu exist\u0103 limit\u0103 de v\u00e2rst\u0103 pentru \u00eenscrierea \u00een programul de certificare ECDL.<\/p>\n<p><b>Tinerii<\/b>, <b>elevii<\/b>, <b>studen\u021bii<\/b>, <b>func\u021bionarii publici<\/b> sau <b>angaja\u021bii\u00a0 \u00een companii<\/b> \u00ee\u0219i pot dovedi abilit\u0103\u021bile IT prin intermediul certific\u0103rilor ECDL.<\/p>\n<p><strong>Avantaje ECDL <\/strong><\/p>\n<ul>\n<li><b>Elevii<\/b> care de\u021bin Permisul ECDL \u00ee\u0219i pot echivala proba de Competen\u021be digitale din cadrul Examenului de Bacalaureat Na\u0163ional.<\/li>\n<\/ul>\n<p style=\"text-align: justify;\"><em><b>Programa pentru ob\u021binerea Permisului ECDL<\/b><\/em><em> corespunde materiei pe care elevii de liceu o parcurg \u00een cadrul orelor de TIC din <b>programa \u0219colar\u0103 pentru clasele a IX-a \u0219i a X-a<\/b>. Astfel, liceenii pot s\u0103 se preg\u0103teasca chiar \u00een cadrul orelor de la \u0219coal\u0103 pentru ob\u021binerea unei certific\u0103ri cu recunoa\u0219tere interna\u021bional\u0103. Av\u00e2nd deja Permisul ECDL, elevii pot solicita \u00een clasa a XII-a echivalarea probei de competen\u021be digitale de la Bacalaureat.<\/em><\/p>\n<ul>\n<li>ECDL deschide noi oportunit\u0103\u0163i pentru a ob\u0163ine o <b>burs\u0103\u00a0\u00een str\u0103in\u0103tate<\/b>.<\/li>\n<li><b>Studen\u021bii <\/b>\u00ee\u0219i pot echivala diverse cursuri de informatic\u0103 sau birotic\u0103 cu Permisul ECDL la anumite universit\u0103\u021bi.<\/li>\n<\/ul>\n<p>\u00cen Rom\u00e2nia, p\u00e2n\u0103 \u00een prezent au fost acreditate ca centre de testare ECDL universit\u0103\u0163i precum: SNSPA Bucure\u0219ti, ASE Bucure\u015fti \u2013 CDIMM, Universitatea Politehnic\u0103 Bucure\u015fti, Universitatea \u201eGheorghe Asachi\u201d Ia\u015fi, Universitatea de Vest \u201cVasile Goldi\u0219\u201d Arad, Universitatea \u201eAlexandru Ioan Cuza\u201d Ia\u0219i, Universitatea Bucure\u0219ti &#8211; Departamentul de \u00cenv\u0103\u021b\u0103m\u00e2nt la Distan\u021b\u0103 \u2013 CREDIS.<\/p>\n<p><strong>\u00a0<\/strong>Un <b>CV este 100% complet<\/b> cu ECDL<\/p>\n<p>Permisul ECDL deschide noi oportunit\u0103\u0163i pentru a ob\u0163ine <b>un loc de munc\u0103 mai bun<\/b>, \u00eembun\u0103t\u0103\u0163este perspectivele de <b>promovare \u00een carier\u0103<\/b> \u0219i scade probabilitatea de a pierde o ofert\u0103 de serviciu.<\/p>\n<p><b>Cadrele didactice<\/b> din \u00eenv\u0103\u021b\u0103m\u00e2ntul preuniversitar care de\u021bin Permisul ECDL pot beneficia de credite profesionale transferabile.<\/p>\n<p><strong>Mod<\/strong><strong>ule ECDL<\/strong><\/p>\n<p style=\"text-align: center;\"><img decoding=\"async\" loading=\"lazy\" class=\"aligncenter  wp-image-746\" alt=\"image003\" src=\"http:\/\/elenacuza.ro\/wp\/wp-content\/uploads\/2013\/06\/image003-819x1024.jpg\" width=\"491\" height=\"614\" srcset=\"http:\/\/elenacuza.ro\/wp-content\/uploads\/2013\/06\/image003-819x1024.jpg 819w, http:\/\/elenacuza.ro\/wp-content\/uploads\/2013\/06\/image003-240x300.jpg 240w, http:\/\/elenacuza.ro\/wp-content\/uploads\/2013\/06\/image003-140x175.jpg 140w, http:\/\/elenacuza.ro\/wp-content\/uploads\/2013\/06\/image003.jpg 1145w\" sizes=\"(max-width: 491px) 100vw, 491px\" \/><\/p>\n<p><b>Profilul ECDL<\/b><\/p>\n<p>Profilul ECDL al candidatului \u00eencepe s\u0103 se creeze \u00eenc\u0103 de la promovarea cu succes a unui singur modul ECDL.<\/p>\n<p>Fiecare modul ECDL poate fi combinat cu alte module astfel \u00eenc\u00e2t s\u0103 satisfac\u0103 cerin\u0163ele personale sau profesionale ale candidatului.<\/p>\n<p>Profilul\u00a0 ECDL nu expir\u0103 \u015fi poate fi dezvoltat continuu pe \u00eentreg parcursul vie\u0163ii.<\/p>\n<p><b>Certific\u0103ri ECDL &#8211; Profilul ECDL\u00a0 pentru BAC<\/b><\/p>\n<p style=\"text-align: justify;\"><b>Certific\u0103rile ECDL PROFIL START BAC <\/b>\u015fi<b>\u00a0 ECDL PROFIL BAC<\/b> se adreseaz\u0103 elevilor care doresc s\u0103 echivaleze proba de competen\u0163e digitale din cadrul Bacalaureatului cu Permisul ECDL.<\/p>\n<p><b>Permisul ECDL PROFIL START BAC <\/b>se ob\u0163ine \u00een urma promov\u0103rii a 4 module fixe obligatorii: Utilizarea computerului, Instrumente online, Editare de text, Calcul tabelar.<\/p>\n<p><b>Utilizarea computerului<\/b><\/p>\n<p><strong>Testare: <\/strong>automat\u0103 online<\/p>\n<p><strong>Aplica\u0163ii pentru testare: <\/strong>MS Word 2003\/2007\/2010\/2013<\/p>\n<p><strong>Aplicatii pentru pregatire: <\/strong>MS Word 2003\/2007\/2010\/2013; Windows 7 \/ 8<\/p>\n<p><strong>Simul\u0103ri disponibile: <\/strong>online<\/p>\n<p><b>Instrumente online<\/b><\/p>\n<p><strong>Testare: <\/strong>automat\u0103 online<\/p>\n<p><strong>Aplica\u0163ii pentru testare: <\/strong>nu este cazul<\/p>\n<p><strong>Aplicatii pentru pregatire<\/strong>: IE9-Outlook 2010; IE10-Outlook 2013<\/p>\n<p><strong>Simul\u0103ri disponibile: <\/strong>online<\/p>\n<p><b>Editare de text<\/b><\/p>\n<p><strong>Testare: <\/strong>automat\u0103 online<\/p>\n<p><strong>Aplica\u0163ii pentru testare: <\/strong>MS Word 2003\/2007\/2010\/2013<\/p>\n<p><strong>Aplicatii pentru pregatire: <\/strong>MS Word 2003\/2007\/2010\/2013<\/p>\n<p><strong>Simul\u0103ri disponibile: <\/strong>online<\/p>\n<p><b>Calcul tabelar<\/b><\/p>\n<p><strong>Testare<\/strong>: automat\u0103 online<\/p>\n<p><strong>Aplica\u0163ii pentru testare: <\/strong>MS Excel 2003\/2007\/2010\/2013<\/p>\n<p><strong>Aplicatii pentru pregatire: <\/strong>MS Excel 2003\/2007\/2010\/2013<\/p>\n<p><strong>Simul\u0103ri disponibile: <\/strong>online<\/p>\n<p><b>Permisul ECDL PROFIL BAC <\/b>se ob\u0163ine \u00een urma promov\u0103rii a 6 module fixe obligatorii: Utilizarea computerului, Instrumente online, Editare de text, Calcul tabelar, Baze de date, Prezent\u0103ri.<\/p>\n<p><strong>Utilizarea computerului<\/strong><\/p>\n<p><strong>Testare: <\/strong>automat\u0103 online<\/p>\n<p><strong>Aplica\u0163ii pentru testare: <\/strong>MS Word 2003\/2007\/2010\/2013<\/p>\n<p><strong>Aplicatii pentru pregatire: <\/strong>MS Word 2003\/2007\/2010\/2013; Windows 7 \/ 8<\/p>\n<p><strong>Simul\u0103ri disponibile: <\/strong>online<\/p>\n<p><strong>Instrumente online<\/strong><\/p>\n<p><strong>Testare: <\/strong>automat\u0103 online<\/p>\n<p><strong>Aplica\u0163ii pentru testare: <\/strong>nu este cazul<\/p>\n<p><strong>Aplicatii pentru pregatire<\/strong>: IE9-Outlook 2010; IE10-Outlook 2013<\/p>\n<p><strong>Simul\u0103ri disponibile: <\/strong>online<\/p>\n<p><strong>Editare de text<\/strong><\/p>\n<p><strong>Testare: <\/strong>automat\u0103 online<\/p>\n<p><strong>Aplica\u0163ii pentru testare: <\/strong>MS Word 2003\/2007\/2010\/2013<\/p>\n<p><strong>Aplicatii pentru pregatire: <\/strong>MS Word 2003\/2007\/2010\/2013<\/p>\n<p><strong>Simul\u0103ri disponibile: <\/strong>online<\/p>\n<p><strong>Calcul tabelar<\/strong><\/p>\n<p><strong>Testare<\/strong>: automat\u0103 online<\/p>\n<p><strong>Aplica\u0163ii pentru testare: <\/strong>MS Excel 2003\/2007\/2010\/2013<\/p>\n<p><strong>Aplicatii pentru pregatire: <\/strong>MS Excel 2003\/2007\/2010\/2013<\/p>\n<p><strong>Simul\u0103ri disponibile: <\/strong>online<\/p>\n<p><b>\u00a0<\/b><strong>Prezent\u0103ri<\/strong><\/p>\n<p><strong>Testare: <\/strong>automat\u0103 online<\/p>\n<p><strong>Aplica\u0163ii pentru testare: <\/strong>MS PowerPoint 2003\/2007\/2010\/2013<\/p>\n<p><strong>Aplicatii pentru pregatire: <\/strong>MS PowerPoint 2003\/2007\/2010\/2013<\/p>\n<p><strong>Simul\u0103ri disponibile: <\/strong>online<\/p>\n<p><strong>\u00a0Baze de date<\/strong><\/p>\n<p><strong>Testare: <\/strong>automat\u0103 online<\/p>\n<p><strong>Aplica\u0163ii pentru testare: <\/strong>MS Access 2003\/2007\/2010\/2013<\/p>\n<p><strong>Aplicatii pentru pregatire: <\/strong>MS Access 2003\/2007\/2010\/2013<\/p>\n<p><strong>Simul\u0103ri disponibile: <\/strong>online<\/p>\n<p><b>Cum se echivaleaz\u0103 proba de Competen\u0163e digitale la Bacalaureat<\/b><\/p>\n<p>Nivelul de competen\u0163\u0103 digital\u0103 pe diploma de Bacalaureat va fi:<\/p>\n<p><b>\u201cutilizator avansat\u201d,<\/b> pentru candida\u0163ii care au ob\u0163inut Permisul ECDL PROFIL START BAC*<\/p>\n<p><b>\u201cutilizator experimentat\u201d,<\/b> pentru candida\u0163ii care au ob\u0163inut Permisul ECDL PROFIL BAC*<\/p>\n<p><b>\u201cutilizator nivel mediu\u201d,<\/b> pentru candida\u0163ii care au ob\u0163inut Permisul ECDL Start**<\/p>\n<p><b>\u201cutilizator experimentat\u201d,<\/b> pentru candida\u0163ii care au ob\u0163inut Permisul ECDL Complet**<\/p>\n<p>*Permisele ECDL Start \u015fi ECDL Complet se ob\u0163in \u00een baza unui Card electronic de aptitudini ECDL.<\/p>\n<p>*\u00a0 Permisele ECDL PROFIL START BAC \u015fi ECDL PROFIL BAC se ob\u0163in \u00een baza unei Serii de \u00eenscriere general\u0103 unic\u0103.<\/p>\n<p>**Permisele ECDL Start \u015fi ECDL Complet se ob\u0163in \u00een baza unui Card electronic de aptitudini ECDL.<\/p>\n<p><b>Alte scheme de certificare ECDL &#8211; <\/b><b>Profilul ECDL\u00a0 pentru via\u0163\u0103<\/b><\/p>\n<p>Candidatul \u00ee\u015fi poate dezvolta permanent Profilul ECDL,\u00a0 ob\u0163in\u00e2nd noi certific\u0103ri ECDL.<\/p>\n<p style=\"text-align: center;\"><img decoding=\"async\" loading=\"lazy\" class=\"aligncenter  wp-image-749\" alt=\"image005\" src=\"http:\/\/elenacuza.ro\/wp\/wp-content\/uploads\/2013\/06\/image005-1024x851.jpg\" width=\"614\" height=\"511\" srcset=\"http:\/\/elenacuza.ro\/wp-content\/uploads\/2013\/06\/image005-1024x851.jpg 1024w, http:\/\/elenacuza.ro\/wp-content\/uploads\/2013\/06\/image005-300x249.jpg 300w, http:\/\/elenacuza.ro\/wp-content\/uploads\/2013\/06\/image005-210x175.jpg 210w\" sizes=\"(max-width: 614px) 100vw, 614px\" \/><\/p>\n<p><b><span style=\"text-decoration: underline;\">ECDL START<\/span><\/b>este o certificare a competen\u0163elor digitale care se constituie din patru module separate ce acoper\u0103 competen\u0163ele \u015fi ariile de cunoa\u015ftere IT cheie:Utilizarea computerului*, Instrumente online*, Editare de text*, Calcul tabelar*.<\/p>\n<p><b>*Windows 7\/8; Microsoft Office 2003\/2007\/2010\/2013; Testare: <\/b>automat\u0103 online<b>; Simul\u0103ri disponibile: <\/b>online<\/p>\n<p><b><span style=\"text-decoration: underline;\">ECDL STANDARD<\/span><\/b><b><span style=\"text-decoration: underline;\">\u00a0 <\/span><\/b>este certificarea c\u0103reia ii corespund 7 module ECDL \u015fi care se constituie din cele patru module ECDL Start plus trei module adi\u0163ionale la alegere, astfel \u00eenc\u00e2t s\u0103 se dezvolte \u015fi s\u0103 se certifice competen\u0163a digital\u0103.<\/p>\n<p>Cele 3 module adi\u0163ionale pot fi alese dintre urm\u0103toarele module ECDL Standard: Prezent\u0103ri*, Baze de date*, IT Security*, Web Editing**, Image Editing***, 2D CAD****<b>. <\/b><\/p>\n<p><b>* Microsoft Office 2003\/2007\/2010\/2013; Testare: <\/b>automat\u0103 online<b>; Simul\u0103ri disponibile: <\/b>online<\/p>\n<p>**<b> KompoZer; Testare: <\/b>automat\u0103 online<b>\u00a0 Simul\u0103ri disponibile: <\/b>online<\/p>\n<p>***<b>Gimp\u00a0 Testare: <\/b>automat\u0103 online<b>\u00a0 Simul\u0103ri disponibile: <\/b>online<\/p>\n<p><b>****AutoCAD\/ AutoCAD LT\/Solid Edge; Testare:<\/b> manuala; <b>Simul\u0103ri disponibile: <\/b>manual<\/p>\n<p><b><span style=\"text-decoration: underline;\">ECDL AVANSAT <\/span><\/b>ofer\u0103 cunostin\u0163ele necesare certific\u0103rii la un nivel superior \u00een utilizarea unor aplica\u0163ii specifice pe modulele: <b>Editare de text Avansat*, Calcul tabelar Avansat*, Baze de date Avansat*, Prezent\u0103ri Avansat* <\/b><\/p>\n<p><b>* Microsoft Office 2003\/2007\/2010\/2013; Testare: <\/b>automat\u0103 online<b>; Simul\u0103ri disponibile: <\/b>online<\/p>\n<p>C\u00e2te un permis ECDL AVANSAT se ob\u0163ine dup\u0103 promovarea fiec\u0103rui modul ECDL Avansat.<\/p>\n<p><b>ECDL EXPERT<\/b> se ob\u0163ine prin promovarea \u015fi certificarea oric\u0103ror <b>3 module<\/b> ECDL Avansat.<\/p>\n<p><b><span style=\"text-decoration: underline;\">ECDL PROFIL DIDACTIC<\/span><\/b> se adreseaz\u0103 cadrelor didactice care, de\u0163in\u00e2nd acest permis,\u00a0 doresc s\u0103 beneficieze de oportunitatea ob\u0163inerii unui num\u0103r de credite profesionale transferabile. Permisul ECDL PROFIL DIDACTIC se ob\u0163ine \u00een urma promov\u0103rii a 6 module fixe obligatorii: Utilizarea computerului*, Instrumente online*, Editare de text*, Calcul tabelar*, Baze de date*, Prezent\u0103ri*<b>.<\/b><\/p>\n<p><b>* Windows 7\/8; Microsoft Office 2003\/2007\/2010\/2013; Testare: <\/b>automat\u0103 online<b>; Simul\u0103ri disponibile: <\/b>online<\/p>\n<p><b>Programele analitice ECDL aferente fiec\u0103rui tip de certificare ECDL sunt disponibile pe <a href=\"http:\/\/www.ecdl.ro\/\">www.ecdl.ro<\/a> .<\/b><\/p>\n<p><strong>\u00censcrierea<\/strong><\/p>\n<p>V\u0103 pute\u0163i \u00eenscrie \u00een programul ECDL \u00een orice moment pe <a href=\"http:\/\/www.ecdl.ro\">www.ecdl.ro<\/a> prin completarea <b>Formularului de \u00eenregistrare<\/b> \u015fi achizi\u0163ion\u00e2nd apoi o Serie unic\u0103 de \u00eenscriere ECDL.<\/p>\n<p><strong>Durata ob\u021binerii certific\u0103rii <\/strong><\/p>\n<p>Perioada de ob\u021binere a unei certific\u0103ri ECDL depinde de tipul de certificare ales, de nivelul de competen\u0163\u0103 al fiec\u0103rui candidat \u015fi de nevoia de a urma sau nu cursuri \u00een vederea sus\u0163inerii acestor examene.<\/p>\n<p>Candida\u021bii nu au obliga\u021bia de a urma un curs de preg\u0103tire \u00eenainte de a se \u00eenscrie \u00een programul de certificare ECDL \u0219i de a sus\u021bine examenele.<\/p>\n<p><strong>Certificarea ECDL<\/strong><\/p>\n<p>Dup\u0103 promovarea tuturor examenelor aferente tipului de certificare ECDL ales, candidatul solicit\u0103 Permisul ECDL corespunz\u0103tor c\u0103tre centrul de testare ECDL unde a finalizat examenele. Permisul ECDL este valabil pe o perioad\u0103 nedeterminat\u0103.<\/p>\n<p>Autenticitatea unui Permis ECDL se poate verifica\u00a0contact\u00e2nd direct ECDL ROMANIA la adresa <a href=\"mailto:office@ecdl.ro\">office@ecdl.ro<\/a><\/p>\n<p><b>Alege\u0163i certificarea ECDL de care ave\u0163i nevoie \u0219i intra\u0163i \u00een programul interna\u021bional de certificare a competen\u021belor digitale!<\/b><\/p>\n<p><img decoding=\"async\" loading=\"lazy\" class=\"aligncenter size-full wp-image-743\" alt=\"WebBannerECDLCV\" src=\"http:\/\/elenacuza.ro\/wp\/wp-content\/uploads\/2013\/06\/WebBannerECDLCV.jpg\" width=\"728\" height=\"90\" srcset=\"http:\/\/elenacuza.ro\/wp-content\/uploads\/2013\/06\/WebBannerECDLCV.jpg 728w, http:\/\/elenacuza.ro\/wp-content\/uploads\/2013\/06\/WebBannerECDLCV-300x37.jpg 300w\" sizes=\"(max-width: 728px) 100vw, 728px\" \/><img decoding=\"async\" loading=\"lazy\" class=\"aligncenter size-full wp-image-741\" alt=\"Print\" src=\"http:\/\/elenacuza.ro\/wp\/wp-content\/uploads\/2013\/06\/WebBannerECDLBAC.jpg\" width=\"728\" height=\"90\" srcset=\"http:\/\/elenacuza.ro\/wp-content\/uploads\/2013\/06\/WebBannerECDLBAC.jpg 728w, http:\/\/elenacuza.ro\/wp-content\/uploads\/2013\/06\/WebBannerECDLBAC-300x37.jpg 300w\" sizes=\"(max-width: 728px) 100vw, 728px\" \/><\/p>\n","protected":false},"excerpt":{"rendered":"<p>Centrul DJ604 de la Colegiul Na\u0163ional Elena Cuza este Centru de Testare Acreditat ECDL \u00a0Permisul european de conducere a computerului (ECDL \u2013 European Computer Driving Licence)\u00a0este cel mai r\u0103sp\u00e2ndit standard de certificare a abilit\u0103\u021bilor de utilizare a computerului, recunoscut la nivel interna\u0163ional. Permisul ECDL este folosit \u015fi recunoscut \u00een 150 [&hellip;]<\/p>\n","protected":false},"author":1,"featured_media":0,"parent":0,"menu_order":0,"comment_status":"closed","ping_status":"closed","template":"template-full-width.php","meta":[],"_links":{"self":[{"href":"http:\/\/elenacuza.ro\/index.php?rest_route=\/wp\/v2\/pages\/560"}],"collection":[{"href":"http:\/\/elenacuza.ro\/index.php?rest_route=\/wp\/v2\/pages"}],"about":[{"href":"http:\/\/elenacuza.ro\/index.php?rest_route=\/wp\/v2\/types\/page"}],"author":[{"embeddable":true,"href":"http:\/\/elenacuza.ro\/index.php?rest_route=\/wp\/v2\/users\/1"}],"replies":[{"embeddable":true,"href":"http:\/\/elenacuza.ro\/index.php?rest_route=%2Fwp%2Fv2%2Fcomments&post=560"}],"version-history":[{"count":8,"href":"http:\/\/elenacuza.ro\/index.php?rest_route=\/wp\/v2\/pages\/560\/revisions"}],"predecessor-version":[{"id":739,"href":"http:\/\/elenacuza.ro\/index.php?rest_route=\/wp\/v2\/pages\/560\/revisions\/739"}],"wp:attachment":[{"href":"http:\/\/elenacuza.ro\/index.php?rest_route=%2Fwp%2Fv2%2Fmedia&parent=560"}],"curies":[{"name":"wp","href":"https:\/\/api.w.org\/{rel}","templated":true}]}}