{"id":555,"date":"2013-06-03T05:27:04","date_gmt":"2013-06-03T05:27:04","guid":{"rendered":"http:\/\/elenacuza.ro\/wp\/?page_id=555"},"modified":"2026-03-04T06:38:00","modified_gmt":"2026-03-04T06:38:00","slug":"delf-scolar","status":"publish","type":"page","link":"http:\/\/elenacuza.ro\/?page_id=555","title":{"rendered":"DELF \u015eCOLAR 2026"},"content":{"rendered":"<p><a href=\"http:\/\/elenacuza.ro\/wp-content\/uploads\/2026\/03\/FEI-campagne-promo-CouvertureFacebookDelfJSCO-820x3128-1.jpg\"><img decoding=\"async\" loading=\"lazy\" class=\"alignnone size-full wp-image-7135\" src=\"http:\/\/elenacuza.ro\/wp-content\/uploads\/2026\/03\/FEI-campagne-promo-CouvertureFacebookDelfJSCO-820x3128-1.jpg\" alt=\"\" width=\"820\" height=\"312\" srcset=\"http:\/\/elenacuza.ro\/wp-content\/uploads\/2026\/03\/FEI-campagne-promo-CouvertureFacebookDelfJSCO-820x3128-1.jpg 820w, http:\/\/elenacuza.ro\/wp-content\/uploads\/2026\/03\/FEI-campagne-promo-CouvertureFacebookDelfJSCO-820x3128-1-300x114.jpg 300w, http:\/\/elenacuza.ro\/wp-content\/uploads\/2026\/03\/FEI-campagne-promo-CouvertureFacebookDelfJSCO-820x3128-1-768x292.jpg 768w, http:\/\/elenacuza.ro\/wp-content\/uploads\/2026\/03\/FEI-campagne-promo-CouvertureFacebookDelfJSCO-820x3128-1-460x175.jpg 460w\" sizes=\"(max-width: 820px) 100vw, 820px\" \/><\/a><\/p>\n<p style=\"text-align: center;\">Stima\u021bi candida\u021bi,<br \/>\nAu \u00eenceput \u00eenscrierile la examenele DELF Junior, v\u0103 rug\u0103m s\u0103 reg\u0103si\u021bi mai jos informa\u021biie legate de sesiunea din luna mai (23-24 mai 2026), sesiune desf\u0103\u0219urat\u0103 la CN Elena Cuza din Craiova:<\/p>\n<p style=\"text-align: justify;\"><a href=\"https:\/\/institutfrancais.ro\/timisoara\/delf-elev\/#\/\" target=\"_blank\" rel=\"noopener\">https:\/\/institutfrancais.ro\/timisoara\/delf-elev\/#\/<\/a><\/p>\n<p>\ud835\uddd4\ud835\ude01\ud835\uddf2\ud835\uddfb\ud835\ude01\ud835\uddf6\ud835\uddf2 !<br \/>\n\u00cenainte de \u00eenscriere, v\u0103 rug\u0103m s\u0103 citi\u021bi cu aten\u021bie tutorialul pentru \u00eenscrieri online (marcajul galben).<br \/>\nAsigura\u021bi-v\u0103 c\u0103 ave\u021bi, \u00een \ud835\ude5b\ud835\ude64\ud835\ude67\ud835\ude62\ud835\ude56\ud835\ude69 \ud835\ude4b\ud835\ude3f\ud835\ude41 sau \ud835\ude5e\ud835\ude62\ud835\ude56\ud835\ude5c\ud835\ude5e\ud835\ude63\ud835\ude5a urm\u0103toarele documente, pe care le ve\u021bi ata\u0219a formularului online : certificatul de na\u0219tere, cartea de identitate \ud835\udc2c\ud835\udc1a\ud835\udc2e pa\u0219aportul candidatului.<br \/>\nInforma\u021biile personale vor figura pe diplome, v\u0103 rug\u0103m s\u0103 completa\u021bi corect formularul, cf. actului de identitate al candidatului. NU FOLOSI\u021aI DIACRITICE !<br \/>\n\ud835\udde7\ud835\uddfc\ud835\uddee\ud835\ude01\ud835\uddf2 \ud835\uddfd\ud835\uddff\ud835\uddf2\ud835\uddfb\ud835\ude02\ud835\uddfa\ud835\uddf2\ud835\uddf9\ud835\uddf2 \ud835\ude01\ud835\uddff\ud835\uddf2\ud835\uddef\ud835\ude02\ud835\uddf6\ud835\uddf2 \ud835\ude00\ud835\uddee \ud835\uddf3\ud835\uddf6\ud835\uddf4\ud835\ude02\ud835\uddff\ud835\uddf2\ud835\ude07\ud835\uddf2 \ud835\uddf6\ud835\uddfb \ud835\uddfd\ud835\uddff\ud835\uddf6\ud835\uddfa\ud835\ude02\ud835\uddf9 \ud835\uddf0\ud835\uddee\ud835\uddfa\ud835\uddfd \u275e\ud835\udde3\ud835\uddff\ud835\uddf2\ud835\uddfb\ud835\ude02\ud835\uddfa\ud835\uddf2\u275e<br \/>\nAsigura\u021bi-v\u0103, de asemenea, c\u0103 a\u021bi selectat corect centrul de examene ( Craiova-CN Elena Cuza)<\/p>\n<p>Mult succes!<\/p>\n<p>Contact:<br \/>\nLuiza Ivan-Responsabil centru de examene<br \/>\n0722986689<br \/>\nstamateluiza@yahoo.com<\/p>\n","protected":false},"excerpt":{"rendered":"<p>Stima\u021bi candida\u021bi, Au \u00eenceput \u00eenscrierile la examenele DELF Junior, v\u0103 rug\u0103m s\u0103 reg\u0103si\u021bi mai jos informa\u021biie legate de sesiunea din luna mai (23-24 mai 2026), sesiune desf\u0103\u0219urat\u0103 la CN Elena Cuza din Craiova: https:\/\/institutfrancais.ro\/timisoara\/delf-elev\/#\/ \ud835\uddd4\ud835\ude01\ud835\uddf2\ud835\uddfb\ud835\ude01\ud835\uddf6\ud835\uddf2 ! \u00cenainte de \u00eenscriere, v\u0103 rug\u0103m s\u0103 citi\u021bi cu aten\u021bie tutorialul pentru \u00eenscrieri online (marcajul [&hellip;]<\/p>\n","protected":false},"author":1,"featured_media":0,"parent":0,"menu_order":0,"comment_status":"closed","ping_status":"closed","template":"template-full-width.php","meta":[],"_links":{"self":[{"href":"http:\/\/elenacuza.ro\/index.php?rest_route=\/wp\/v2\/pages\/555"}],"collection":[{"href":"http:\/\/elenacuza.ro\/index.php?rest_route=\/wp\/v2\/pages"}],"about":[{"href":"http:\/\/elenacuza.ro\/index.php?rest_route=\/wp\/v2\/types\/page"}],"author":[{"embeddable":true,"href":"http:\/\/elenacuza.ro\/index.php?rest_route=\/wp\/v2\/users\/1"}],"replies":[{"embeddable":true,"href":"http:\/\/elenacuza.ro\/index.php?rest_route=%2Fwp%2Fv2%2Fcomments&post=555"}],"version-history":[{"count":78,"href":"http:\/\/elenacuza.ro\/index.php?rest_route=\/wp\/v2\/pages\/555\/revisions"}],"predecessor-version":[{"id":7136,"href":"http:\/\/elenacuza.ro\/index.php?rest_route=\/wp\/v2\/pages\/555\/revisions\/7136"}],"wp:attachment":[{"href":"http:\/\/elenacuza.ro\/index.php?rest_route=%2Fwp%2Fv2%2Fmedia&parent=555"}],"curies":[{"name":"wp","href":"https:\/\/api.w.org\/{rel}","templated":true}]}}