{"id":544,"date":"2013-05-28T08:40:31","date_gmt":"2013-05-28T08:40:31","guid":{"rendered":"http:\/\/elenacuza.ro\/wp\/?page_id=544"},"modified":"2013-05-28T08:42:20","modified_gmt":"2013-05-28T08:42:20","slug":"scoala-cu-diploma-germana-b2-c1-3","status":"publish","type":"page","link":"http:\/\/elenacuza.ro\/?page_id=544","title":{"rendered":"\u015ecoal\u0103 cu Diplom\u0103 German\u0103 (B2-C1)"},"content":{"rendered":"<p>\u00cencep\u00e2nd cu anul 2009, Colegiul Na\u0163ional \u201e Elena Cuza\u201d a devenit membru al grupului de \u015fcoli PASCH, care prin acordul cu ZFA ( Institu\u0163ia Central\u0103 German\u0103 pentru \u00eenv\u0103\u0163\u0103m\u00e2ntul din alte \u0163\u0103ri) are dreptul de a organiza anual examenul \u00een vederea ob\u0163inerii Diplomei Interna\u0163ionale de Limba German\u0103 DSD II pentru nivelul B2-C1, pentru elevii de la clasele bilingve germane din C.N.\u201dElena Cuza\u201d.<\/p>\n<p>Avantajele titlului de \u015ecoal\u0103 PASCH:<\/p>\n<ol start=\"1\">\n<li>Sus\u0163inerea gratuit\u0103 \u00een \u015fcoal\u0103 a examenului DSD II, diplom\u0103 recunoscut\u0103 interna\u0163ional, valabil\u0103 permanent, necesar\u0103 pentru studii, angajare etc.<\/li>\n<li>Acordare de burse pentru a participa la cursuri \u00een Germania timp de 3 s\u0103pt\u0103m\u00e2ni \u00een perioada de var\u0103.<\/li>\n<li>Contacte directe cu vorbitori nativi, lucru la clas\u0103 cu profesor de limba german\u0103 din Germania.<\/li>\n<li>Participarea la proiecte ce vizeaz\u0103 \u00eensu\u015firea de cuno\u015ftin\u0163e de cultur\u0103 \u015fi civiliza\u0163ie din spa\u0163iul germanofon.<\/li>\n<\/ol>\n<p>&nbsp;<\/p>\n","protected":false},"excerpt":{"rendered":"<p>\u00cencep\u00e2nd cu anul 2009, Colegiul Na\u0163ional \u201e Elena Cuza\u201d a devenit membru al grupului de \u015fcoli PASCH, care prin acordul cu ZFA ( Institu\u0163ia Central\u0103 German\u0103 pentru \u00eenv\u0103\u0163\u0103m\u00e2ntul din alte \u0163\u0103ri) are dreptul de a organiza anual examenul \u00een vederea ob\u0163inerii Diplomei Interna\u0163ionale de Limba German\u0103 DSD II pentru nivelul [&hellip;]<\/p>\n","protected":false},"author":1,"featured_media":0,"parent":0,"menu_order":0,"comment_status":"closed","ping_status":"closed","template":"template-full-width.php","meta":[],"_links":{"self":[{"href":"http:\/\/elenacuza.ro\/index.php?rest_route=\/wp\/v2\/pages\/544"}],"collection":[{"href":"http:\/\/elenacuza.ro\/index.php?rest_route=\/wp\/v2\/pages"}],"about":[{"href":"http:\/\/elenacuza.ro\/index.php?rest_route=\/wp\/v2\/types\/page"}],"author":[{"embeddable":true,"href":"http:\/\/elenacuza.ro\/index.php?rest_route=\/wp\/v2\/users\/1"}],"replies":[{"embeddable":true,"href":"http:\/\/elenacuza.ro\/index.php?rest_route=%2Fwp%2Fv2%2Fcomments&post=544"}],"version-history":[{"count":3,"href":"http:\/\/elenacuza.ro\/index.php?rest_route=\/wp\/v2\/pages\/544\/revisions"}],"predecessor-version":[{"id":549,"href":"http:\/\/elenacuza.ro\/index.php?rest_route=\/wp\/v2\/pages\/544\/revisions\/549"}],"wp:attachment":[{"href":"http:\/\/elenacuza.ro\/index.php?rest_route=%2Fwp%2Fv2%2Fmedia&parent=544"}],"curies":[{"name":"wp","href":"https:\/\/api.w.org\/{rel}","templated":true}]}}