{"id":5097,"date":"2023-03-16T15:19:33","date_gmt":"2023-03-16T15:19:33","guid":{"rendered":"http:\/\/elenacuza.ro\/?page_id=5097"},"modified":"2023-03-22T11:14:03","modified_gmt":"2023-03-22T11:14:03","slug":"olimpiada-judeteana-de-istorie","status":"publish","type":"page","link":"http:\/\/elenacuza.ro\/?page_id=5097","title":{"rendered":"Olimpiada Jude\u021bean\u0103 de Istorie"},"content":{"rendered":"<p>&nbsp;<\/p>\n<p style=\"text-align: center;\">\u00ceN ATEN\u0162IA PARTICIPAN\u0162ILOR<br \/>\nLA OLIMPIADA NA\u021aIONALA DE ISTORIE<br \/>\nLOC DE DESF\u0102\u015eURARE OLIMPIAD\u0102<br \/>\nCOLEGIUL NA\u0162IONAL \u201eELENA CUZA\u201d<\/p>\n<p style=\"text-align: center;\">18.03.2023<\/p>\n<p style=\"text-align: justify;\"><strong>Eventualele contesta\u021bii se depun luni 20.03.2023 \u00eentre orele 10.00 &#8211; 12.00 pentru clasele IX-XII \u0219i 10.00-14.00 pentru clasa a VIII-a<\/strong><\/p>\n<p style=\"text-align: justify;\">Criterii de departajare<br \/>\n\u2022 Dup\u0103 afi\u0219area contesta\u021biilor, \u00een situa\u021bia existen\u021bei a cel pu\u021bin doi elevi care s-au clasat pe locul I la etapa jude\u021bean\u0103, cu note egale, \u00een vederea stabilirii elevului cu drept de participare la etapa na\u021bional\u0103, se aplic\u0103 criteriul de departajare reprezentat de punctajul superior ob\u021binut de unul dintre elevi la subiectul\/itemul\/cerin\u021ba cu cel mai mare num\u0103r de puncte acordat, prin barem.<br \/>\n\u2022 \u00cen situa\u021bia men\u021binerii egalit\u0103\u021bii dup\u0103 aplicarea acestui criteriu, urm\u0103toarele criterii de departajare sunt constituite de punctajele superioare ob\u021binute la subiectul\/itemul\/cerin\u021ba cu al doilea cel mai mare num\u0103r de puncte acordat, prin barem<br \/>\n\u2022 Dac\u0103 egalitatea persist\u0103 dup\u0103 aplicarea criteriilor men\u021bionate, elevii vor participa la o prob\u0103 de baraj.<br \/>\nAcordarea premiilor \u0219i a men\u021biunilor<br \/>\n\u2022 La etapa jude\u021bean\u0103 a olimpiadei de istorie, ierarhia concuren\u021bilor \u00een vederea premierii, se stabile\u0219te \u00een ordinea descresc\u0103toare a punctajelor finale ob\u021binute.<br \/>\n\u2022 Grila de acordare a premiilor va fi stabilit\u0103 de Comisia Jude\u021bean\u0103, respect\u00e2ndu-se ordinea descresc\u0103toare a punctajelor finale ob\u021binute, preciz\u0103rile Metodologiei-cadru de organizare \u0219i desf\u0103\u0219urare a competi\u021biilor \u0219colare, respectiv ale Regulamentului specific<br \/>\n\u2022 \u00cen conformitate cu Metodologia cadru de organizare \u0219i desf\u0103\u0219urare a competi\u021biilor \u0219colare \u0219i a Regulamentului specific de organizare \u0219i desf\u0103\u0219urare a olimpiadei de istorie nr 25041\/07.02.2023, pentru etapa na\u021bional\u0103 a acestei olimpiade se atribuie din oficiu c\u00e2te un loc pentru fiecare an de studiu (VIII, IX, X, XI, XII), punctajul minim ob\u021binut la etapa jude\u021bean\u0103: 85 de puncte (nota minim\u0103 ob\u021binut\u0103 \u2013 8,50).<br \/>\n\u2022 \u00cen urma realiz\u0103rii clasamentului na\u021bional pe disciplin\u0103, se va stabili eventuala participare a elevilor pe locurile suplimentare (23 locuri la nivel na\u021bional), \u00een func\u021bie de punctajul ob\u021binut.<\/p>\n<p>Proba scris\u0103 la etapa jude\u021bean\u0103 va dura 3 ore.<br \/>\nElevii au voie s\u0103 p\u0103r\u0103seasc\u0103 sala de examen \u0219i s\u0103 predea lucrarea dup\u0103 cel pu\u021bin o or\u0103 \u0219i jum\u0103tate.<br \/>\nElevii nu vor putea s\u0103 ias\u0103 cu subiectele din sal\u0103.<\/p>\n<p><a href=\"http:\/\/elenacuza.ro\/wp-content\/uploads\/2023\/03\/Rezultate-Contestatii.pdf\">REZULTATE CONTESTA\u021aII<\/a><\/p>\n<p><a href=\"http:\/\/elenacuza.ro\/wp-content\/uploads\/2023\/03\/Rezultate-Finale.pdf\">REZULTATE FINALE<\/a><\/p>\n<p><a href=\"http:\/\/elenacuza.ro\/wp-content\/uploads\/2023\/03\/Rezultate-Cod.pdf\">REZULTATE INI\u021aIALE<\/a><\/p>\n<p><a href=\"http:\/\/elenacuza.ro\/wp-content\/uploads\/2023\/03\/OJ_ISTORIE_CLS_VIII_2023_var.pdf\">SUBIECTE CLASA A VIII-A<\/a><\/p>\n<p><a href=\"http:\/\/elenacuza.ro\/wp-content\/uploads\/2023\/03\/OJ_ISTORIE_CLS_IX_2023_var.pdf\">SUBIECTE CLASA A IX-A<\/a><\/p>\n<p><a href=\"http:\/\/elenacuza.ro\/wp-content\/uploads\/2023\/03\/OJ_ISTORIE_CLS_X_2023_var.pdf\">SUBIECTE CLASA A X-A<\/a><\/p>\n<p><a href=\"http:\/\/elenacuza.ro\/wp-content\/uploads\/2023\/03\/OJ_ISTORIE_CLS_XI_2023_var.pdf\">SUBIECTE CLASA A XI-A<\/a><\/p>\n<p><a href=\"http:\/\/elenacuza.ro\/wp-content\/uploads\/2023\/03\/OJ_ISTORIE_CLS_XII_2023_var.pdf\">SUBIECTE CLASA A XII-A<\/a><\/p>\n<p><a href=\"http:\/\/elenacuza.ro\/wp-content\/uploads\/2023\/03\/OJ_ISTORIE_CLS_VIII_2023_bar.pdf\">BAREM CLASA A VIII-A<\/a><\/p>\n<p><a href=\"http:\/\/elenacuza.ro\/wp-content\/uploads\/2023\/03\/OJ_ISTORIE_CLS_IX_2023_bar.pdf\">BAREM CLASA A IX-A<\/a><\/p>\n<p><a href=\"http:\/\/elenacuza.ro\/wp-content\/uploads\/2023\/03\/OJ_ISTORIE_CLS_X_2023_bar.pdf\">BAREM CLASA A X-A<\/a><\/p>\n<p><a href=\"http:\/\/elenacuza.ro\/wp-content\/uploads\/2023\/03\/OJ_ISTORIE_CLS_XI_2023_bar.pdf\">BAREM CLASA A XI-A<\/a><\/p>\n<p><a href=\"http:\/\/elenacuza.ro\/wp-content\/uploads\/2023\/03\/OJ_ISTORIE_CLS_XII_2023_bar.pdf\">BAREM CLASA A XII-A<\/a><\/p>\n<p><a href=\"http:\/\/elenacuza.ro\/wp-content\/uploads\/2023\/03\/20230317142133.pdf\">REPARTIZARE<\/a><\/p>\n","protected":false},"excerpt":{"rendered":"<p>&nbsp; \u00ceN ATEN\u0162IA PARTICIPAN\u0162ILOR LA OLIMPIADA NA\u021aIONALA DE ISTORIE LOC DE DESF\u0102\u015eURARE OLIMPIAD\u0102 COLEGIUL NA\u0162IONAL \u201eELENA CUZA\u201d 18.03.2023 Eventualele contesta\u021bii se depun luni 20.03.2023 \u00eentre orele 10.00 &#8211; 12.00 pentru clasele IX-XII \u0219i 10.00-14.00 pentru clasa a VIII-a Criterii de departajare \u2022 Dup\u0103 afi\u0219area contesta\u021biilor, \u00een situa\u021bia existen\u021bei a cel [&hellip;]<\/p>\n","protected":false},"author":1,"featured_media":0,"parent":0,"menu_order":0,"comment_status":"closed","ping_status":"closed","template":"template-full-width.php","meta":[],"_links":{"self":[{"href":"http:\/\/elenacuza.ro\/index.php?rest_route=\/wp\/v2\/pages\/5097"}],"collection":[{"href":"http:\/\/elenacuza.ro\/index.php?rest_route=\/wp\/v2\/pages"}],"about":[{"href":"http:\/\/elenacuza.ro\/index.php?rest_route=\/wp\/v2\/types\/page"}],"author":[{"embeddable":true,"href":"http:\/\/elenacuza.ro\/index.php?rest_route=\/wp\/v2\/users\/1"}],"replies":[{"embeddable":true,"href":"http:\/\/elenacuza.ro\/index.php?rest_route=%2Fwp%2Fv2%2Fcomments&post=5097"}],"version-history":[{"count":16,"href":"http:\/\/elenacuza.ro\/index.php?rest_route=\/wp\/v2\/pages\/5097\/revisions"}],"predecessor-version":[{"id":5151,"href":"http:\/\/elenacuza.ro\/index.php?rest_route=\/wp\/v2\/pages\/5097\/revisions\/5151"}],"wp:attachment":[{"href":"http:\/\/elenacuza.ro\/index.php?rest_route=%2Fwp%2Fv2%2Fmedia&parent=5097"}],"curies":[{"name":"wp","href":"https:\/\/api.w.org\/{rel}","templated":true}]}}