{"id":4720,"date":"2022-03-03T09:28:06","date_gmt":"2022-03-03T09:28:06","guid":{"rendered":"http:\/\/elenacuza.ro\/wp\/?page_id=4720"},"modified":"2022-04-01T07:32:59","modified_gmt":"2022-04-01T07:32:59","slug":"proiectului-erasmus-ka101-079359","status":"publish","type":"page","link":"http:\/\/elenacuza.ro\/?page_id=4720","title":{"rendered":"Proiect Erasmus+ KA101-079359"},"content":{"rendered":"<p>&nbsp;<\/p>\n<h3 align=\"center\">Bine a\u021bi venit pe pagina Proiectului Erasmus+<\/h3>\n<h3 align=\"center\"><b>\u201eTineri motiva\u021bi \u00eentr-o \u0219coal\u0103 modern\u0103 \u0219i sigur\u0103\u201d!<\/b><\/h3>\n<h4 style=\"text-align: center;\">nr. 2020-1-RO01-KA101-079359<\/h4>\n<p><b><span style=\"text-decoration: underline;\">Perioada de derulare<\/span><\/b>: 17 luni (01.11.2020-31.03.2022)<\/p>\n<p><b><span style=\"text-decoration: underline;\">Numar profesori implicati \u00een mobilit\u0103\u021bi<\/span><\/b>: 8<\/p>\n<p><b><span style=\"text-decoration: underline;\">Parteneri:<\/span><\/b><\/p>\n<ol>\n<li>ITC International TEFL Certificate s.r.o, Praga, Republica Ceha<\/li>\n<li>OLOKLIROSI SINGLE MEMBER PRIVATE COMPANY, Heraklion, GreciaEACADEMY OF\n<ol>\n<li>EUROPEAN ACADEMY OF CREATIVITY, Barcelona, Spania<\/li>\n<\/ol>\n<\/li>\n<\/ol>\n<p><b>UROPEAN ACADEMY OF CREATIVIT<\/b><\/p>\n<p><b><span style=\"text-decoration: underline;\">Obiective:<\/span><\/b><\/p>\n<p>O1 Reducerea cu 50% a situatiilor de elevi aflati in risc de abandon scolar ca urmare a absenteismului sever sau a expunerii la atitudini deviante ori a inadaptarii<\/p>\n<p>O2 Scaderea cu 20% a numarului de elevi afectati de comportamente de risc (bullying, discriminare, violenta, demotivare, inadaptare scolara pe considerente interculturale)<\/p>\n<p>O3 Cresterea cu 20% a activitatilor in care sunt folosite metode creative, mijloace IT si competente lingvistice<\/p>\n<p>O4 Implicarea a 30% din profesori si 20% din elevi in implementarea unui unui proiect european anual.<\/p>\n<p><b>1.\u00a0\u00a0\u00a0\u00a0\u00a0 <\/b><b>Anun\u021buri, informari<\/b><\/p>\n<p>Selectie<\/p>\n<p>Rezultate<\/p>\n<ol>\n<li><strong>2.\u00a0\u00a0\u00a0\u00a0\u00a0 Diseminare<\/strong><\/li>\n<\/ol>\n<p><a href=\"http:\/\/elenacuza.ro\/wp\/wp-content\/uploads\/2022\/03\/Prezentare-CN-Elena-Cuza-EN.pdf\" target=\"_blank\">Prezentarea Colegiului Na\u021bional \u201eElena Cuza\u201d<\/a><\/p>\n<p><a href=\"http:\/\/elenacuza.ro\/wp\/wp-content\/uploads\/2022\/03\/Prezentare-proiect-Erasmus+-TINERI-MOTIVATI-INTR-O-SCOALA-MODERNA-SI-SIGURA.pdf\" target=\"_blank\">Prezentare proiect Erasmus + <\/a><b><a href=\"http:\/\/elenacuza.ro\/wp\/wp-content\/uploads\/2022\/03\/Prezentare-proiect-Erasmus+-TINERI-MOTIVATI-INTR-O-SCOALA-MODERNA-SI-SIGURA.pdf\" target=\"_blank\">\u201eTineri motiva\u021bi \u00eentr-o \u0219coal\u0103 modern\u0103 \u0219i sigur\u0103\u201d<\/a>\u00a0 \u00a0 \u00a0<\/b><\/p>\n<p><a href=\"http:\/\/elenacuza.ro\/wp\/wp-content\/uploads\/2022\/03\/Panou.pdf\" target=\"_blank\">Panou proiect<\/a><\/p>\n<p><a href=\"http:\/\/elenacuza.ro\/wp\/wp-content\/uploads\/2022\/03\/CDS.pdf\" target=\"_blank\">CDS<\/a><\/p>\n<p><a href=\"http:\/\/elenacuza.ro\/wp\/wp-content\/uploads\/2022\/03\/Ghid-romana.pdf\" target=\"_blank\">Ghid de bune practici \u201ePROFESORI MODERNI=ELEVI MOTIVA\u021aI\u201d (versiunea \u00een limba rom\u00e2n\u0103)<\/a><\/p>\n<p><a href=\"http:\/\/elenacuza.ro\/wp\/wp-content\/uploads\/2022\/03\/Ghid-engleza.pdf\" target=\"_blank\">Ghid de bune practici \u201ePROFESORI MODERNI=ELEVI MOTIVA\u021aI\u201d (versiune \u00een limba englez\u0103)<\/a><\/p>\n<p><a href=\"http:\/\/elenacuza.ro\/wp\/wp-content\/uploads\/2022\/03\/Different.pdf\" target=\"_blank\">Atelier de bune practici cu elevii \u201eDIFFERENT MEANS EQUAL\u201d<\/a><\/p>\n<p><a href=\"http:\/\/elenacuza.ro\/wp\/wp-content\/uploads\/2022\/03\/Bullying.pdf\" target=\"_blank\">Atelier consiliere de grup cu elevii \u201eBULLYING HURTS\u201d<\/a><\/p>\n<p><a href=\"http:\/\/elenacuza.ro\/wp\/wp-content\/uploads\/2022\/03\/New-Methods.pdf\" target=\"_blank\">Altelier de bune practici cu elevii \u201eNEW METHODS, NEW SKILLS\u201d\u00a0<\/a><\/p>\n<p><a href=\"http:\/\/elenacuza.ro\/wp\/wp-content\/uploads\/2022\/03\/Sharing.pdf\" target=\"_blank\">Atelier de bune practici cu profesorii \u201eSHARING IS CARING\u201d<\/a><\/p>\n<p><a href=\"http:\/\/elenacuza.ro\/wp\/wp-content\/uploads\/2022\/03\/Mass-media.pdf\" target=\"_blank\">Prezen\u021bi \u00een mass-media\u00a0<\/a><\/p>\n<p><a href=\"http:\/\/elenacuza.ro\/wp\/wp-content\/uploads\/2022\/03\/Reuniuni.pdf\" target=\"_blank\">Reuniuni profesorale<\/a><\/p>\n<p><a href=\"http:\/\/elenacuza.ro\/wp\/wp-content\/uploads\/2022\/03\/Marturii.pdf\" target=\"_blank\">M\u0103rturii despre proiect<\/a><\/p>\n<p><a href=\"http:\/\/elenacuza.ro\/wp\/wp-content\/uploads\/2022\/03\/Inspiratie.pdf\" target=\"_blank\">Inspira\u021bie pentru toat\u0103 \u0219coala<\/a><\/p>\n","protected":false},"excerpt":{"rendered":"<p>&nbsp; Bine a\u021bi venit pe pagina Proiectului Erasmus+ \u201eTineri motiva\u021bi \u00eentr-o \u0219coal\u0103 modern\u0103 \u0219i sigur\u0103\u201d! nr. 2020-1-RO01-KA101-079359 Perioada de derulare: 17 luni (01.11.2020-31.03.2022) Numar profesori implicati \u00een mobilit\u0103\u021bi: 8 Parteneri: ITC International TEFL Certificate s.r.o, Praga, Republica Ceha OLOKLIROSI SINGLE MEMBER PRIVATE COMPANY, Heraklion, GreciaEACADEMY OF EUROPEAN ACADEMY OF CREATIVITY, [&hellip;]<\/p>\n","protected":false},"author":1,"featured_media":0,"parent":0,"menu_order":0,"comment_status":"closed","ping_status":"closed","template":"template-full-width.php","meta":[],"_links":{"self":[{"href":"http:\/\/elenacuza.ro\/index.php?rest_route=\/wp\/v2\/pages\/4720"}],"collection":[{"href":"http:\/\/elenacuza.ro\/index.php?rest_route=\/wp\/v2\/pages"}],"about":[{"href":"http:\/\/elenacuza.ro\/index.php?rest_route=\/wp\/v2\/types\/page"}],"author":[{"embeddable":true,"href":"http:\/\/elenacuza.ro\/index.php?rest_route=\/wp\/v2\/users\/1"}],"replies":[{"embeddable":true,"href":"http:\/\/elenacuza.ro\/index.php?rest_route=%2Fwp%2Fv2%2Fcomments&post=4720"}],"version-history":[{"count":17,"href":"http:\/\/elenacuza.ro\/index.php?rest_route=\/wp\/v2\/pages\/4720\/revisions"}],"predecessor-version":[{"id":4723,"href":"http:\/\/elenacuza.ro\/index.php?rest_route=\/wp\/v2\/pages\/4720\/revisions\/4723"}],"wp:attachment":[{"href":"http:\/\/elenacuza.ro\/index.php?rest_route=%2Fwp%2Fv2%2Fmedia&parent=4720"}],"curies":[{"name":"wp","href":"https:\/\/api.w.org\/{rel}","templated":true}]}}