{"id":447,"date":"2013-03-19T11:41:53","date_gmt":"2013-03-19T11:41:53","guid":{"rendered":"http:\/\/elenacuza.ro\/wp\/?page_id=447"},"modified":"2017-01-12T14:04:54","modified_gmt":"2017-01-12T14:04:54","slug":"accesul-la-informatii","status":"publish","type":"page","link":"http:\/\/elenacuza.ro\/?page_id=447","title":{"rendered":"Accesul la informa\u0163ii"},"content":{"rendered":"<div id=\"continut_standard\">\n<h2>Accesul la informa\u021bii<\/h2>\n<p style=\"text-align: justify;\">Colegiul Na\u021bional Elena Cuza este \u00eenregistrat ca operator in Registrul de evidenta a prelucr\u0103rii datelor cu caracter personal, gestionat de Autoritatea Na\u021bional\u0103 de Supraveghere a Prelucr\u0103rii Datelor cu Caracter personal, sub nr. 24789\u00a0, av\u00e2nd ca scop declarat gestionarea bazei de date a elevilor.<\/p>\n<p style=\"text-align: justify;\">Colegiul Na\u021bional Elena Cuza este o institu\u021bie public\u0103 a statului rom\u00e2n \u015fi se supune legilor \u015fi reglement\u0103rilor \u00een vigoare \u00een ceea ce prive\u0219te liberul acces la informa\u021biile de interes public.<\/p>\n<p style=\"text-align: justify;\">Constitu\u021bia Rom\u00e2niei reglementeaz\u0103 dreptul la informare al persoanelor prin articolul 31: &#8220;Dreptul persoanei de a avea acces la orice informa\u021bie de interes public nu poate fi \u00eengr\u0103dit. Autorit\u0103\u021bile publice, potrivit competentelor ce le revin, sunt obligate s\u0103 asigure informarea corect\u0103 a cet\u0103\u021benilor asupra treburilor publice \u015fi asupra problemelor de interes personal. Dreptul la informa\u021bie nu trebuie s\u0103 prejudicieze m\u0103surile de protec\u021bie a tinerilor sau securitatea na\u021bional\u0103. Mijloacele de informare \u00een mas\u0103, publice \u015fi private, sunt obligate s\u0103 asigure informarea corect\u0103 a opiniei publice&#8221;.<\/p>\n<p style=\"text-align: justify;\">Legea nr. 544 din 2001 a Parlamentului Rom\u00e2niei stipuleaz\u0103 \u00een art. 1 accesul liber \u015fi ne\u00eengr\u0103dit al persoanelor la orice informa\u021bii de interes public. Articolul 2 al acestei legi define\u0219te termenii institu\u021bie public\u0103 precum \u015fi informa\u021bie de interes public:<\/p>\n<ul>\n<li style=\"text-align: justify;\">prin autoritate sau institu\u021bie public\u0103 se \u00een\u021belege orice autoritate sau institu\u021bie public\u0103 ce utilizeaz\u0103 sau administreaz\u0103 resurse financiare publice, orice regie autonom\u0103, companie na\u021bionala, precum \u015fi orice societate comercial\u0103 aflat\u0103 sub autoritatea unei autorit\u0103\u021bi publice centrale sau locale \u0219i la care statul rom\u00e2n sau, dup\u0103 caz, o unitate administrativ-teritorial\u0103 este ac\u021bionar unic sau majoritar;<\/li>\n<li style=\"text-align: justify;\">prin informa\u021bie de interes public se \u00een\u021belege orice informa\u021bie care prive\u0219te activit\u0103\u021bile sau rezult\u0103 din activit\u0103\u021bile unei autorit\u0103\u021bi publice sau institu\u021bii publice, indiferent de suportul ori de forma sau de modul de exprimare a informa\u0163iei.<\/li>\n<\/ul>\n<p>Conform art. 5 al aceleia\u015fi legi, fiecare autoritate sau institu\u0163ie public\u0103 are obliga\u0163ia s\u0103 comunice din oficiu urm\u0103toarele informa\u0163ii de interes public:<\/p>\n<ul>\n<li>actele normative care reglementeaz\u0103 organizarea \u0219i func\u021bionarea autorit\u0103\u021bii sau institu\u021biei publice;<\/li>\n<li>structura organizatoric\u0103, atribu\u021biile departamentelor, programul de func\u0163ionare, programul de audiente al autorit\u0103\u021bii sau institu\u021biei publice;<\/li>\n<li>numele \u0219i prenumele persoanelor din conducerea autorit\u0103\u021bii sau a institu\u021biei publice \u015fi ale func\u021bionarului responsabil cu difuzarea informa\u021biilor publice;<\/li>\n<li style=\"text-align: justify;\">coordonatele de contact ale autorit\u0103\u021bii sau institu\u021biei publice, respectiv: denumirea, sediul, numerele de telefon, fax, adresa de e-mail \u015fi adresa paginii de Internet;<\/li>\n<li>programele \u0219i strategiile proprii;<\/li>\n<li>lista cuprinz\u00e2nd documentele de interes public;<\/li>\n<li>lista cuprinz\u00e2nd categoriile de documente produse \u0219i\/sau gestionate, potrivit legii;<\/li>\n<li style=\"text-align: justify;\">modalit\u0103\u021bile de contestare a deciziei autorit\u0103\u021bii sau a institu\u021biei publice \u00een situa\u021bia \u00een care persoana se consider\u0103 v\u0103t\u0103mat\u0103 \u00een privin\u021ba dreptului de acces la informa\u0163iile de interes public solicitate.<\/li>\n<\/ul>\n<p><a href=\"http:\/\/elenacuza.ro\/wp\/wp-content\/uploads\/2013\/03\/Raport.pdf\" target=\"_blank\"><\/p>\n<p style=\"text-align: justify;\" align=\"center\"><b>RAPORT ANUAL PRIVIND APLICAREA <\/b><b>LEGII 544\/2001 PENTRU ANUL 2016<\/b><\/p>\n<p><\/a><\/div>\n","protected":false},"excerpt":{"rendered":"<p>Accesul la informa\u021bii Colegiul Na\u021bional Elena Cuza este \u00eenregistrat ca operator in Registrul de evidenta a prelucr\u0103rii datelor cu caracter personal, gestionat de Autoritatea Na\u021bional\u0103 de Supraveghere a Prelucr\u0103rii Datelor cu Caracter personal, sub nr. 24789\u00a0, av\u00e2nd ca scop declarat gestionarea bazei de date a elevilor. Colegiul Na\u021bional Elena Cuza [&hellip;]<\/p>\n","protected":false},"author":1,"featured_media":0,"parent":0,"menu_order":0,"comment_status":"closed","ping_status":"closed","template":"template-full-width.php","meta":[],"_links":{"self":[{"href":"http:\/\/elenacuza.ro\/index.php?rest_route=\/wp\/v2\/pages\/447"}],"collection":[{"href":"http:\/\/elenacuza.ro\/index.php?rest_route=\/wp\/v2\/pages"}],"about":[{"href":"http:\/\/elenacuza.ro\/index.php?rest_route=\/wp\/v2\/types\/page"}],"author":[{"embeddable":true,"href":"http:\/\/elenacuza.ro\/index.php?rest_route=\/wp\/v2\/users\/1"}],"replies":[{"embeddable":true,"href":"http:\/\/elenacuza.ro\/index.php?rest_route=%2Fwp%2Fv2%2Fcomments&post=447"}],"version-history":[{"count":5,"href":"http:\/\/elenacuza.ro\/index.php?rest_route=\/wp\/v2\/pages\/447\/revisions"}],"predecessor-version":[{"id":1740,"href":"http:\/\/elenacuza.ro\/index.php?rest_route=\/wp\/v2\/pages\/447\/revisions\/1740"}],"wp:attachment":[{"href":"http:\/\/elenacuza.ro\/index.php?rest_route=%2Fwp%2Fv2%2Fmedia&parent=447"}],"curies":[{"name":"wp","href":"https:\/\/api.w.org\/{rel}","templated":true}]}}