{"id":31,"date":"2012-12-18T17:18:04","date_gmt":"2012-12-18T17:18:04","guid":{"rendered":"http:\/\/elenacuza.ro\/wp\/?page_id=31"},"modified":"2015-10-06T08:56:47","modified_gmt":"2015-10-06T08:56:47","slug":"proiecte-europene","status":"publish","type":"page","link":"http:\/\/elenacuza.ro\/?page_id=31","title":{"rendered":"Proiecte Europene"},"content":{"rendered":"<p><a href=\"http:\/\/www.elenacuza.ro\/wp\/wp-admin\/images\/Bursa individuala comenius.pdf\" target=\"_blank\"><b>Burs\u0103 Comenius &#8211; \u201cMATHEU-Identification, Motivation And Support Of \u00a0Mathematical Talents In European Schools\u201d<\/b><\/a><\/p>\n<p><strong><a href=\"http:\/\/www.europeansharedtreasure.eu\/detail.php?id_project_base=2010-1-RO1-COM07-07063\">Proiect Comenius bilateral<\/a><\/strong><\/p>\n<p><strong><a href=\"http:\/\/www.arcs.ro\/?lang=ro\" target=\"_blank\">Proiect POSDRU\/175\/2.1\/S\/149902 \u2013 \u201dTOP Management SV-BI \u2013 Firme de exerci\u021biu pentru accesul elevilor la pozi\u021bii de top management, cercetare \u0219i inovare \u00een via\u021ba profesional\u0103\u201d<\/a><\/strong><\/p>\n<p><strong><a href=\"http:\/\/elenacuza.ro\/site\/images\/Proiecte%20si%20programe%20europene.pdf\" target=\"_blank\">Proiecte \u015fi programe na\u0163ionale\/ europene<\/a><\/strong><\/p>\n<p><strong><a href=\"http:\/\/elenacuza.ro\/site\/images\/Parteneriate%20educationale.pdf\">Parteneriate educa\u0163ionale tradi\u0163ionale\/ activit\u0103\u0163i extracurriculare<\/a><\/strong><\/p>\n<p><strong><a href=\"http:\/\/elenacuza.ro\/site\/images\/Schimburi%20scolare.pdf\">Schimburi \u015fcolare cu institu\u0163ii din alte \u0163\u0103ri<\/a><\/strong><\/p>\n<p><strong><a href=\"http:\/\/elenacuza.ro\/site\/images\/Nos%20tradition%20sources%20de%20creativite%20et%20d'inovation.pdf\">Proiect \u015fcolar Comenius bilateral Nos tradition sources de creativite et d&#8217;inovation<\/a><\/strong><\/p>\n","protected":false},"excerpt":{"rendered":"<p>Burs\u0103 Comenius &#8211; \u201cMATHEU-Identification, Motivation And Support Of \u00a0Mathematical Talents In European Schools\u201d Proiect Comenius bilateral Proiect POSDRU\/175\/2.1\/S\/149902 \u2013 \u201dTOP Management SV-BI \u2013 Firme de exerci\u021biu pentru accesul elevilor la pozi\u021bii de top management, cercetare \u0219i inovare \u00een via\u021ba profesional\u0103\u201d Proiecte \u015fi programe na\u0163ionale\/ europene Parteneriate educa\u0163ionale tradi\u0163ionale\/ activit\u0103\u0163i extracurriculare [&hellip;]<\/p>\n","protected":false},"author":1,"featured_media":0,"parent":0,"menu_order":0,"comment_status":"closed","ping_status":"closed","template":"template-full-width.php","meta":[],"_links":{"self":[{"href":"http:\/\/elenacuza.ro\/index.php?rest_route=\/wp\/v2\/pages\/31"}],"collection":[{"href":"http:\/\/elenacuza.ro\/index.php?rest_route=\/wp\/v2\/pages"}],"about":[{"href":"http:\/\/elenacuza.ro\/index.php?rest_route=\/wp\/v2\/types\/page"}],"author":[{"embeddable":true,"href":"http:\/\/elenacuza.ro\/index.php?rest_route=\/wp\/v2\/users\/1"}],"replies":[{"embeddable":true,"href":"http:\/\/elenacuza.ro\/index.php?rest_route=%2Fwp%2Fv2%2Fcomments&post=31"}],"version-history":[{"count":8,"href":"http:\/\/elenacuza.ro\/index.php?rest_route=\/wp\/v2\/pages\/31\/revisions"}],"predecessor-version":[{"id":788,"href":"http:\/\/elenacuza.ro\/index.php?rest_route=\/wp\/v2\/pages\/31\/revisions\/788"}],"wp:attachment":[{"href":"http:\/\/elenacuza.ro\/index.php?rest_route=%2Fwp%2Fv2%2Fmedia&parent=31"}],"curies":[{"name":"wp","href":"https:\/\/api.w.org\/{rel}","templated":true}]}}