{"id":2901,"date":"2018-03-17T19:11:56","date_gmt":"2018-03-17T19:11:56","guid":{"rendered":"http:\/\/elenacuza.ro\/wp\/?page_id=2901"},"modified":"2023-03-20T10:59:42","modified_gmt":"2023-03-20T10:59:42","slug":"scoala-etwinning","status":"publish","type":"page","link":"http:\/\/elenacuza.ro\/?page_id=2901","title":{"rendered":"Proiecte eTwinning"},"content":{"rendered":"<h3><\/h3>\n<h3><img decoding=\"async\" loading=\"lazy\" class=\" wp-image-3638 alignnone\" src=\"http:\/\/elenacuza.ro\/wp-content\/uploads\/2018\/03\/download.jpg\" alt=\"download\" width=\"234\" height=\"175\" srcset=\"http:\/\/elenacuza.ro\/wp-content\/uploads\/2018\/03\/download.jpg 260w, http:\/\/elenacuza.ro\/wp-content\/uploads\/2018\/03\/download-234x175.jpg 234w\" sizes=\"(max-width: 234px) 100vw, 234px\" \/><\/h3>\n<h3><\/h3>\n<h3>GHENEA SIMONA-COLEGIUL NA\u021aIONAL \u201dElena Cuza\u201d, Craiova, Dolj<\/h3>\n<p>&nbsp;<\/p>\n<p>&nbsp;<\/p>\n<h3><a href=\"https:\/\/etwinningcnelenacuza.renderforestsites.com\/\">eTwinning Colegiul Na\u021bional Elena Cuza 2021-2022<\/a><\/h3>\n<p>&nbsp;<\/p>\n<h3><a href=\"https:\/\/www.storyjumper.com\/book\/read\/60843375\/eTwinning-Projects2019-2020Simona-Ghenea\" target=\"_blank\" rel=\"noopener\">Proiecte eTwinning 2020-2021<\/a><\/h3>\n<p>&nbsp;<\/p>\n<h3>\u00a01. Titlul proiectului : \u00a0<b style=\"font-size: 1.17em;\">From seed to table<\/b><\/h3>\n<h3>Actiune :<\/h3>\n<h3 style=\"text-align: justify;\">Este un proiect dinamic, flexibil si deschis , care include o serie de ateliere practice axate pe educatia ecologica, obtinerea si folosirea unei hrane ecologice. Aceste ateliere pornind de la experienta din gradina, ii vor ghida pe copii sa descopere hrana sanatoasa si relatia dintre teritoriu si cultivare, degustare si lucru. Experien\u021ba gr\u0103dinii de legume este un instrument educa\u021bional de cunoa\u0219tere a teritoriului, a produselor sale \u0219i a re\u021betelor sale, dar \u0219i o oportunitate de a se \u00eent\u00e2lni cu me\u0219teri \u0219i produc\u0103tori din comunitatea local\u0103 \u0219i de a se confrunta cu celelalte \u021b\u0103ri implicate \u00een culturile locale, pe aspecte istorice \u0219i culturale.<\/h3>\n<h3>Proiect activ, \u00eenscris pe 8.08.2018<\/h3>\n<h3>Durata : 1 an<\/h3>\n<h3>Fondatori : Alaattin Portakal &#8211; Turcia, Elio Pinto &#8211; Italia<\/h3>\n<h3>Parteneri : Giordana Diana- Italia, Ioana Chalkia- Grecia, Judit Cladellas- Spania, Judit Suszterne Fuko- Ungaria, Loredana Petcu &#8211; Romania, Simona Ghenea- Romania, Simona Popescu- Romania, Silke Lakrabi- Germania,<\/h3>\n<h3>Zlatka Toskova- Bulgaria<\/h3>\n<h3><a href=\"https:\/\/youtu.be\/UqmV0-pmRc4\">https:\/\/youtu.be\/UqmV0-pmRc4<\/a><\/h3>\n<h3>Obiective ;<\/h3>\n<h3>&#8211; cunoasterea propriei realitati teritoriale si a tarilor partenere<\/h3>\n<h3>&#8211; cunoasterea semintelor si plantelor prin experimente stiintifice<\/h3>\n<h3>&#8211; prepararea unor mancaruri traditionale locale<\/h3>\n<h3>&#8211; dezvoltarea de noi cunostinte si aptitudini<\/h3>\n<h3>Rezultate preconizate :<\/h3>\n<h3>&#8211; Experimentand cultivarea unor legume vom sensibiliza elevii in ingrijirea si protectia mediului in care traiesc.<\/h3>\n<h3>&#8211; Elevii sunt incurajati sa-si utilizeze simturile pentru a intra in contact cu natura<\/h3>\n<h3>&#8211; Imbunatatirea relatiilor interregionale si cresterea gradului de constientizare a traditiilor agricole, destinate descoperirii radacinilor culturale proprii<\/h3>\n<h3>&#8211; Promovarea si diseminarea unui stil de viata sanatos<\/h3>\n<h3>\u00a02.Titlul proiectului : <b style=\"font-size: 1.17em;\">A FUNNY SCHOOL YEAR<\/b><\/h3>\n<h3>Actiune :<\/h3>\n<h3 style=\"text-align: justify;\">Copiii cu v\u00e2rsta cuprins\u0103 \u00eentre 4 \u0219i 11 ani vor \u00eemp\u0103rt\u0103\u0219i cu partenerii momente speciale din via\u021ba lor \u0219colar\u0103 (prima zi de \u0219coal\u0103, activit\u0103\u021bi \u00a0la \u00eenceputul anului \u0219colar, s\u0103rb\u0103torirea festivit\u0103\u021bilor precum Cr\u0103ciunul, Pa\u0219tele, 8 Martie, competi\u021biile \u00a0sportive \u0219i orice alt eveniment organizat de obicei la \u0219coal\u0103).<br \/>\nProiect activ, inscris pe 20.06.2018<\/h3>\n<h3>Durata : septembrie 2018-iunie 2019<\/h3>\n<h3>Fondatori : Dilek Emir- Turcia, Monica Frigerio- Italia<\/h3>\n<h3>Parteneri :Alaattin Portakal -Turcia, Judit Suszterne Fuko- Ungaria, Loredana Petcu &#8211; Romania, Simona Popescu- Romania, Miriam Rosa Civati-Italia,Adina Godja,Once\u0219ti, <strong style=\"font-size: 1.17em;\">Eirini Mavrokefalidou<\/strong><b style=\"font-size: 1.17em;\"> ,GRECIA etc.<\/b><\/h3>\n<h3>Obiective ;<\/h3>\n<h3>&#8211; cunoasterea propriei realitati teritoriale si a tarilor partenere<\/h3>\n<h3>&#8211; cunoasterea evenimentelor din via\u021ba \u0219colilor din diverse \u021b\u0103ri<\/h3>\n<h3>&#8211; cunoa\u0219terea culturii altor \u021b\u0103ri<\/h3>\n<h3>&#8211; dezvoltarea de noi cunostinte si aptitudini<\/h3>\n<h3>-\u00eembun\u0103t\u0103\u021birea abilit\u0103\u021bilor de folosire a instrumentelor\u00a0 web 2.00<\/h3>\n<h3>Rezultate preconizate :<\/h3>\n<h3>Putem crea o pagin\u0103 pentru fiecare \u0219coal\u0103 \u0219i s\u0103 \u00eemp\u0103rt\u0103\u0219im fotografii, clipuri video, desene, texte scurte, prezent\u0103ri.<\/h3>\n<h3>La sf\u00e2r\u0219itul anului \u0219colar fiecare \u0219coal\u0103 va crea un videoclip cu momentele speciale de via\u021b\u0103 \u0219i activit\u0103\u021bi.<\/h3>\n<h3><a href=\"https:\/\/youtu.be\/S4KGXlhNOWE\">https:\/\/youtu.be\/S4KGXlhNOWE<\/a><\/h3>\n<h3>\u00a03.Titlul proiectului :<\/h3>\n<h3><b>Creativity in the classroom<\/b><\/h3>\n<h3><b>Actiune :\u00a0\u00a0\u00a0\u00a0\u00a0\u00a0\u00a0\u00a0\u00a0\u00a0\u00a0\u00a0\u00a0\u00a0\u00a0\u00a0\u00a0\u00a0\u00a0\u00a0\u00a0\u00a0\u00a0\u00a0\u00a0\u00a0\u00a0 <\/b><\/h3>\n<h3>\u00cenv\u0103\u021barea \u00eencepe cu curiozitate. Aceasta continu\u0103 cu creativitate. Vom avea diferite \u00eendatoriri pentru a face timp distractiv \u0219i activit\u0103\u021bi creative pentru clas\u0103.<\/h3>\n<h3 style=\"text-align: justify;\">Vom prezenta creativitatea cu subiecte selectate. Vom \u00eemp\u0103rt\u0103\u0219i informa\u021biile noastre reciproc. Vom \u00eenv\u0103\u021ba s\u0103 respect\u0103m diferite idei \u0219i s\u0103 aplic\u0103m noi cuno\u0219tin\u021be \u00een via\u021ba noastr\u0103 de zi cu zi.<\/h3>\n<h3>Vom \u00eemp\u0103rt\u0103\u0219i conceptul de creativitate cu profesorii\u00a0 din diverse \u021b\u0103ri \u0219i vom urm\u0103ri cum se pot dezvolta eficient activit\u0103\u021bi de stimulare a creativit\u0103\u021bii.<\/h3>\n<h3>Proiect activ, inscris pe 28.06. 2018<\/h3>\n<h3>Durata : iulie 2018-iunie 2019<\/h3>\n<h3>Fondatori : Dilek Emir- Turcia, Neriman Temizel- Turcia<\/h3>\n<h3>Parteneri :Berrak Saricam-Turcia, Judit Suszterne Fuko- Ungaria, \u0218enol \u0218enyer-Turcia,Adina Godja,Once\u0219ti, <strong>Andrea Romanova-Slovacia,<\/strong> Ayfer Kilic-Turcia, <strong>Beata Leszczuk<\/strong> <strong>\u2013Polonia,Eva Gomez-Spania,<\/strong>etc.<\/h3>\n<h3>Obiective<\/h3>\n<h3>-Dezvoltarea poten\u021bialului creativ al elevilor<\/h3>\n<h3>-stimularea imagina\u021biei elevilor<\/h3>\n<h3>-cre\u0219terea nivelului de \u00eencrdere in sine \u00een r\u00e2ndul elevilor<\/h3>\n<h3>-valorificarea diverselor metode de stimulare a creativit\u0103\u021bii \u00een r\u00e2ndul elevilor<\/h3>\n<h3>&#8211; dezvoltarea de noi cunostinte si aptitudini<\/h3>\n<h3>-\u00eembun\u0103t\u0103\u021birea abilit\u0103\u021bilor de folosire a instrumentelor\u00a0 web 2.00<\/h3>\n<h3>Rezultate preconizate :<\/h3>\n<h3><strong>Crearea unui e-book care va cuprinde toate activit\u0103\u021bile creative deosebite desf\u0103\u0219urate de parteneri.<\/strong><\/h3>\n<h3>-Armenia, Elena Pantova-Macedonia, Karen Murnane-Irlanda, Kemal Kafali-Turcia<\/h3>\n<h3>\u00a0Obiective ;<\/h3>\n<h3>&#8211; cunoasterea propriei realitati teritoriale si a<\/h3>\n<h3>-\u00eembun\u0103t\u0103\u021birea abilit\u0103\u021bilor de folosire a instrumentelor\u00a0 web 2.00<\/h3>\n<h3><a href=\"https:\/\/youtu.be\/3pI136ujjBA\">https:\/\/youtu.be\/3pI136ujjBA<\/a><\/h3>\n<h3>4.Titlul proiectului<\/h3>\n<h3>Contact with emoji<\/h3>\n<h3>Actiune :<\/h3>\n<h3>Emojiile sunt frecvent utilizate \u00een comunicarea cu tehnologia \u00een curs de dezvoltare. Vom folosi emo\u021biile care sunt atrag\u0103toare pentru \u00a0copii foarte mult \u00een domeniul recunoa\u0219terii \u0219i exprim\u0103rii emo\u021biilor.<\/h3>\n<h3>-stimularea exprim\u0103rii st\u0103rilor de spirit<\/h3>\n<h3>-cunoa\u0219terea mai bun\u0103 a propriei persoane<\/h3>\n<h3>Proiect activ, inscris pe 16.12.2018<\/h3>\n<h3>Durata : decembrie 2018-mai 2019<\/h3>\n<h3><a href=\"https:\/\/youtu.be\/GwZpD-LfAU4\">https:\/\/youtu.be\/GwZpD-LfAU4<\/a><\/h3>\n<h3>Fondatori :\u00a0 <strong>Dilek Emir-Turcia<\/strong><\/h3>\n<h3>Parteneri : <strong>Elena Pantova,Alaattin Portakal-Turcia,Izabel Martinez-Spania,Adevye Alcil-Turcia,Alaattin Portakal,Turcia,etc.<\/strong><\/h3>\n<h3>\u00a0Obiective<\/h3>\n<h3>&#8211; exersarea exprim\u0103rii emo\u021biilor<\/h3>\n<h3>-\u00eembun\u0103t\u0103\u021birea abilit\u0103\u021bilor de folosire a instrumentelor\u00a0 web 2.00<\/h3>\n<h3>\u00a0Rezultate preconizate :<\/h3>\n<h3>-e-book-activit\u0103\u021bi din proiect<\/h3>\n<h3>-crea\u021bii web ale elevilor cu intrumente web 2.00<\/h3>\n<h3>\u00a05.<b style=\"font-size: 1.17em;\">Titlul proiectului_<\/b><b style=\"font-size: 1.17em;\"> Our future is in our hands<\/b><\/h3>\n<h3>Actiune :<\/h3>\n<h3>Proiect pe teme de ecologie-tipurile de poluare,cunoa\u0219terea metodelor de protejare a mediului<\/h3>\n<h3>\u00a0Obiective-<\/h3>\n<h3>-\u00eembog\u0103\u021birea cuno\u0219tin\u021belor despre protectia mediului<\/h3>\n<h3>-con\u0219tientizarea elevilor \u00een leg\u0103tur\u0103 cu importan\u021ba p\u0103str\u0103rii unui mediu curat<\/h3>\n<h3>Proiect activ, inscris pe 11.10.2018<\/h3>\n<h3>Durata : octombrie 2018-iunie 2019<\/h3>\n<h3>Fondatori :\u00a0 \u0218ENOL \u0218ENYER<strong>-Turcia,<\/strong> <strong>T\u00dcL\u0130N ARSLANPINAR-TURCIA<\/strong><\/h3>\n<h3>Parteneri : <strong>ANNa Ciaramela-Italia,Levent Toros-Turcia,\u0218enol \u0218enier-Turcia,etc.<\/strong><\/h3>\n<h3>\u00a0Obiective<\/h3>\n<h3>-g\u0103sirea solu\u021biilor de protejare a mediului<\/h3>\n<h3>-\u00eembun\u0103t\u0103\u021birea abilit\u0103\u021bilor de folosire a instrumentelor\u00a0 web 2.00<\/h3>\n<h3>Rezultate preconizate :<\/h3>\n<h3>-e-book-activit\u0103\u021bi din proiect<\/h3>\n<h3>-crea\u021bii web ale elevilor cu intrumente web 2.00<\/h3>\n<h3><a href=\"https:\/\/youtu.be\/QhvY2-mBmh4\">https:\/\/youtu.be\/QhvY2-mBmh4<\/a><\/h3>\n<h3>\u00a06. What do we mean by citizenship?<\/h3>\n<h3>Scopul principal al acestui proiect este de a spori gradul de con\u0219tientizare a faptului c\u0103 cet\u0103\u021benia contribuie la stimularea cuno\u0219tin\u021belor, abilit\u0103\u021bilor, valorilor, atitudinilor \u0219i comportamentului care \u00eei \u00eemputernicesc pe indivizi s\u0103 ia decizii \u00een cuno\u0219tin\u021b\u0103 de cauz\u0103 \u0219i s\u0103 ia m\u0103suri pentru a face fa\u021b\u0103 provoc\u0103rilor secolului dou\u0103zeci \u0219i unu.<\/h3>\n<h3><a href=\"https:\/\/youtu.be\/5RrZEfBo5zEhttps:\/youtu.be\/5RrZEfBo5zE\">https:\/\/youtu.be\/5RrZEfBo5zEhttps:\/\/youtu.be\/5RrZEfBo5zE<\/a><\/h3>\n<h3>7. Children\u2019s Games Olympics<\/h3>\n<h3>Proiectul este pentru\u00a0 elevii cu v\u00e2rsta cuprins\u0103 \u00eentre 6 \u0219i 10 ani. Jocuri pentru copii este un tablou pictat pe un panou din lemn \u00een 1560 de c\u0103tre pictorul flamand Pieter Brueghel.<\/h3>\n<h3>Proiectul nostru este inspirat de aceast\u0103 pictur\u0103 pentru a juca jocuri pentru copii cu jocuri de zi moderne. Elevii vor alege jocurile pe care doresc s\u0103 le joace pe tot parcursul proiectului din 83 de jocuri\u00a0 din aceasta \u00a0pictura. \u00cen timpul proiectului, elevii vor crea medii \u00een care s\u0103 poat\u0103 \u00een\u021belege conceptul de democra\u021bie, s\u0103 \u00eenve\u021be jocuri \u0219i anima\u021bii video tradi\u021bionale pentru copii. O carte electronic\u0103 va fi creat\u0103 ca rezultat al anima\u021biei.<\/h3>\n<h3><a href=\"https:\/\/youtu.be\/-Ww_pTmVgYY\">https:\/\/youtu.be\/-Ww_pTmVgYY<\/a><\/h3>\n<h3>\u00a08. From drawing to programming 2<\/h3>\n<h3>Acest proiect ini\u021biaz\u0103 elevii \u00een programare cu ajutorul jocurilor.Vor crea secven\u021be de programare folosind personaje animate.<\/h3>\n<h3>9. Let&#8217;s begin to shape our future today!<\/h3>\n<h3>Scopul nostru este de a contribui la participarea activ\u0103 a tinerilor la via\u021ba democratic\u0103 (\u00een conformitate cu Tratatul de la Lisabona 10.3) \u0219i la rolul lor de cet\u0103\u021beni activi responsabili europeni. Proiectul, care dureaz\u0103 \u00eentre martie \u0219i iunie, vizeaz\u0103 predarea importan\u021bei democra\u021biei, \u00eencurajarea elevilor s\u0103-\u0219i asume \u00een mod activ responsabilitatea cu privire la participarea lor social\u0103 \u0219i democratic\u0103. Se bazeaz\u0103 pe munca de cooperare \u00eentre \u0219coli prin metoda de \u00eenv\u0103\u021bare bazat\u0103 pe proiecte.<\/h3>\n<h3>10. Mini disco club<\/h3>\n<h3>Dansul este o metod\u0103 organizat\u0103 de stimulare a dezvolt\u0103rii generale a unui copil. Dansul stimuleaz\u0103 de fapt corpul \u0219i mintea unui copil, mobiliz\u00e2ndu-se pentru ac\u021biune. Datorit\u0103 dansului, anumite grupuri de mu\u0219chi ale copii se dezvolt\u0103 armonios.<\/h3>\n<h3>Vom crea dansuri in colaborare cu ale \u021b\u0103ri.<\/h3>\n<h3><a href=\"https:\/\/youtu.be\/iyHvulwoSlg\">https:\/\/youtu.be\/iyHvulwoSlg<\/a><\/h3>\n<h3><a href=\"https:\/\/youtu.be\/QMqDJ9CeHuQ\">https:\/\/youtu.be\/QMqDJ9CeHuQ<\/a><\/h3>\n<h3>\u00a011. STEM for kids<\/h3>\n<h3>Importan\u021ba proiectelor Stem pentru dezvoltarea elevilor este foarte cunoscut\u0103.<\/h3>\n<h3>12. <b>The job of my dream<\/b><\/h3>\n<h3>Proiectul este creat pentru a prezenta copiilor un alt tip de locuri de munc\u0103. \u00cen timpul lec\u021biilor, copiii vor vorbi despre avantajele \u0219i dezavantajele fiec\u0103rui loc de munc\u0103, vor prezenta locurile de munc\u0103 ale p\u0103rin\u021bilor lor \u0219i vor vorbi despre viitorul lor loc de munc\u0103.<\/h3>\n<h3>\u00a013. Together for a secure network<\/h3>\n<h3>Ultimii ani au cunoscut o cre\u0219tere puternic\u0103 a utiliz\u0103rii noilor tehnologii \u0219i, \u00een special, a internetului. Ap\u0103rut ca un instrument de lucru, re\u021beaua s-a transformat \u00een cur\u00e2nd \u00eentr-o prezen\u021b\u0103 constant\u0103 \u00een via\u021ba fiec\u0103ruia dintre noi \u0219i mai ales a celor foarte tineri.<\/h3>\n<h3>14. MAG\u0130CAL WORLD OF COLORS)<\/h3>\n<h3>Proiectul propune studii diferite despre cele 10 culori pe care le alegem (galben, rosu, albastru, verde, negru, alb, portocaliu, puru, maro, roz).Copiii\u00a0 vor fi \u00eencuraja\u021bi pentru a-\u0219i dezv\u0103lui creativitatea.<\/h3>\n<h3><a href=\"https:\/\/youtu.be\/DxEGIyPW-Zs\">https:\/\/youtu.be\/DxEGIyPW-Zs<\/a><\/h3>\n<h3>\u00a015. Fun and Games Math 3<\/h3>\n<p>&nbsp;<\/p>\n<p><b>\u00a0<\/b><\/p>\n","protected":false},"excerpt":{"rendered":"<p>GHENEA SIMONA-COLEGIUL NA\u021aIONAL \u201dElena Cuza\u201d, Craiova, Dolj &nbsp; &nbsp; eTwinning Colegiul Na\u021bional Elena Cuza 2021-2022 &nbsp; Proiecte eTwinning 2020-2021 &nbsp; \u00a01. Titlul proiectului : \u00a0From seed to table Actiune : Este un proiect dinamic, flexibil si deschis , care include o serie de ateliere practice axate pe educatia ecologica, obtinerea [&hellip;]<\/p>\n","protected":false},"author":1,"featured_media":0,"parent":0,"menu_order":0,"comment_status":"closed","ping_status":"closed","template":"template-full-width.php","meta":[],"_links":{"self":[{"href":"http:\/\/elenacuza.ro\/index.php?rest_route=\/wp\/v2\/pages\/2901"}],"collection":[{"href":"http:\/\/elenacuza.ro\/index.php?rest_route=\/wp\/v2\/pages"}],"about":[{"href":"http:\/\/elenacuza.ro\/index.php?rest_route=\/wp\/v2\/types\/page"}],"author":[{"embeddable":true,"href":"http:\/\/elenacuza.ro\/index.php?rest_route=\/wp\/v2\/users\/1"}],"replies":[{"embeddable":true,"href":"http:\/\/elenacuza.ro\/index.php?rest_route=%2Fwp%2Fv2%2Fcomments&post=2901"}],"version-history":[{"count":25,"href":"http:\/\/elenacuza.ro\/index.php?rest_route=\/wp\/v2\/pages\/2901\/revisions"}],"predecessor-version":[{"id":5141,"href":"http:\/\/elenacuza.ro\/index.php?rest_route=\/wp\/v2\/pages\/2901\/revisions\/5141"}],"wp:attachment":[{"href":"http:\/\/elenacuza.ro\/index.php?rest_route=%2Fwp%2Fv2%2Fmedia&parent=2901"}],"curies":[{"name":"wp","href":"https:\/\/api.w.org\/{rel}","templated":true}]}}