{"id":25,"date":"2012-12-18T17:15:24","date_gmt":"2012-12-18T17:15:24","guid":{"rendered":"http:\/\/elenacuza.ro\/wp\/?page_id=25"},"modified":"2017-04-12T13:09:11","modified_gmt":"2017-04-12T13:09:11","slug":"baza-materiala","status":"publish","type":"page","link":"http:\/\/elenacuza.ro\/?page_id=25","title":{"rendered":"Baza Material\u0103"},"content":{"rendered":"<p>Colegiul Na\u0163ional Elena Cuza din Craiova se \u00eentinde pe o suprafa\u0163\u0103 de 8600 mp, fiind format din 5 cl\u0103diri cu 47 s\u0103li de clas\u0103 moderne, dotate cu material didactic corespunz\u0103tor, dou\u0103 laboratoare de fizic\u0103, dou\u0103 laboratoare de chimie, trei cabinete media dotate cu 120 calculatoare, dou\u0103 cabinete de limba rom\u00e2na, un cabinet de matematic\u0103, un laborator de desen, un laborator de geografie, un cabinet de istorie, un laborator de limbi str\u0103ine, un laborator de biologie, un amfiteatru cu un num\u0103r de 280 locuri, o baza sportiva cu 3 s\u0103li de sport si un teren \u00een aer liber.<\/p>\n<p>Colegiul Na\u0163ional Elena Cuza beneficiaz\u0103 de o sala de festivit\u0103\u0163i de 300 de locuri.<br \/>\nColegiul Na\u0163ional Elena Cuza beneficiaz\u0103 de asemenea de o bibliotec\u0103 dotat\u0103 cu peste 40.000 de volume si o sala de lectura.<br \/>\nColegiul nostru beneficiaz\u0103 de doua cabinete medicale pentru medicina generala, stomatologie si o sala de refacere, deservite de doi medici \u015fi doua asistente.<br \/>\nResursele materiale de care beneficiaza aceasta unitate de \u00eenvatam\u00e2nt atesta eficienta organizare a colegiului, structura sa moderna si preocuparea permanenta pentru buna desfasurare a procesului instructiv-educativ.<\/p>\n<p>&nbsp;<\/p>\n<p>&nbsp;<\/p>\n<div class='gallery'><dl class='gallery-item'>\n\t\t\t<dt class='gallery-icon landscape'>\n\t\t\t\t<a href='http:\/\/elenacuza.ro\/wp-content\/uploads\/2012\/12\/DSCF2378.jpg'><img width=\"150\" height=\"150\" src=\"http:\/\/elenacuza.ro\/wp-content\/uploads\/2012\/12\/DSCF2378-150x150.jpg\" class=\"attachment-thumbnail size-thumbnail\" alt=\"\" decoding=\"async\" loading=\"lazy\" aria-describedby=\"gallery-1-1170\" \/><\/a>\n\t\t\t<\/dt>\n\t\t\t\t<dd class='wp-caption-text gallery-caption' id='gallery-1-1170'>\n\t\t\t\tLiceu\n\t\t\t\t<\/dd><\/dl><dl class='gallery-item'>\n\t\t\t<dt class='gallery-icon landscape'>\n\t\t\t\t<a href='http:\/\/elenacuza.ro\/wp-content\/uploads\/2012\/12\/DSCF2368.jpg'><img width=\"150\" height=\"150\" src=\"http:\/\/elenacuza.ro\/wp-content\/uploads\/2012\/12\/DSCF2368-150x150.jpg\" class=\"attachment-thumbnail size-thumbnail\" alt=\"\" decoding=\"async\" loading=\"lazy\" aria-describedby=\"gallery-1-1132\" \/><\/a>\n\t\t\t<\/dt>\n\t\t\t\t<dd class='wp-caption-text gallery-caption' id='gallery-1-1132'>\n\t\t\t\tLaborator Informatic\u0103 1\n\t\t\t\t<\/dd><\/dl><dl class='gallery-item'>\n\t\t\t<dt class='gallery-icon landscape'>\n\t\t\t\t<a href='http:\/\/elenacuza.ro\/wp-content\/uploads\/2014\/05\/DSCF4814.jpg'><img width=\"150\" height=\"150\" src=\"http:\/\/elenacuza.ro\/wp-content\/uploads\/2014\/05\/DSCF4814-150x150.jpg\" class=\"attachment-thumbnail size-thumbnail\" alt=\"\" decoding=\"async\" loading=\"lazy\" aria-describedby=\"gallery-1-875\" \/><\/a>\n\t\t\t<\/dt>\n\t\t\t\t<dd class='wp-caption-text gallery-caption' id='gallery-1-875'>\n\t\t\t\tLaborator Fizic\u0103\n\t\t\t\t<\/dd><\/dl><dl class='gallery-item'>\n\t\t\t<dt class='gallery-icon landscape'>\n\t\t\t\t<a href='http:\/\/elenacuza.ro\/wp-content\/uploads\/2012\/12\/DSCF2382.jpg'><img width=\"150\" height=\"150\" src=\"http:\/\/elenacuza.ro\/wp-content\/uploads\/2012\/12\/DSCF2382-150x150.jpg\" class=\"attachment-thumbnail size-thumbnail\" alt=\"\" decoding=\"async\" loading=\"lazy\" aria-describedby=\"gallery-1-1182\" \/><\/a>\n\t\t\t<\/dt>\n\t\t\t\t<dd class='wp-caption-text gallery-caption' id='gallery-1-1182'>\n\t\t\t\tLaborator informatic\u0103 2\n\t\t\t\t<\/dd><\/dl><dl class='gallery-item'>\n\t\t\t<dt class='gallery-icon landscape'>\n\t\t\t\t<a href='http:\/\/elenacuza.ro\/wp-content\/uploads\/2012\/12\/DSCF2373.jpg'><img width=\"150\" height=\"150\" src=\"http:\/\/elenacuza.ro\/wp-content\/uploads\/2012\/12\/DSCF2373-150x150.jpg\" class=\"attachment-thumbnail size-thumbnail\" alt=\"\" decoding=\"async\" loading=\"lazy\" aria-describedby=\"gallery-1-1141\" \/><\/a>\n\t\t\t<\/dt>\n\t\t\t\t<dd class='wp-caption-text gallery-caption' id='gallery-1-1141'>\n\t\t\t\tLaborator informatic\u0103 3\n\t\t\t\t<\/dd><\/dl><br style=\"clear: both\" \/><dl class='gallery-item'>\n\t\t\t<dt class='gallery-icon landscape'>\n\t\t\t\t<a href='http:\/\/elenacuza.ro\/wp-content\/uploads\/2012\/12\/DSCF2372.jpg'><img width=\"150\" height=\"150\" src=\"http:\/\/elenacuza.ro\/wp-content\/uploads\/2012\/12\/DSCF2372-150x150.jpg\" class=\"attachment-thumbnail size-thumbnail\" alt=\"\" decoding=\"async\" loading=\"lazy\" aria-describedby=\"gallery-1-1139\" \/><\/a>\n\t\t\t<\/dt>\n\t\t\t\t<dd class='wp-caption-text gallery-caption' id='gallery-1-1139'>\n\t\t\t\tLaborator informatic\u0103 3\n\t\t\t\t<\/dd><\/dl><dl class='gallery-item'>\n\t\t\t<dt class='gallery-icon landscape'>\n\t\t\t\t<a href='http:\/\/elenacuza.ro\/wp-content\/uploads\/2012\/12\/DSCF2375.jpg'><img width=\"150\" height=\"150\" src=\"http:\/\/elenacuza.ro\/wp-content\/uploads\/2012\/12\/DSCF2375-150x150.jpg\" class=\"attachment-thumbnail size-thumbnail\" alt=\"\" decoding=\"async\" loading=\"lazy\" aria-describedby=\"gallery-1-1160\" \/><\/a>\n\t\t\t<\/dt>\n\t\t\t\t<dd class='wp-caption-text gallery-caption' id='gallery-1-1160'>\n\t\t\t\tCabinet limbi romanice\n\t\t\t\t<\/dd><\/dl><dl class='gallery-item'>\n\t\t\t<dt class='gallery-icon landscape'>\n\t\t\t\t<a href='http:\/\/elenacuza.ro\/wp-content\/uploads\/2012\/12\/DSCF2376.jpg'><img width=\"150\" height=\"150\" src=\"http:\/\/elenacuza.ro\/wp-content\/uploads\/2012\/12\/DSCF2376-150x150.jpg\" class=\"attachment-thumbnail size-thumbnail\" alt=\"\" decoding=\"async\" loading=\"lazy\" aria-describedby=\"gallery-1-1162\" \/><\/a>\n\t\t\t<\/dt>\n\t\t\t\t<dd class='wp-caption-text gallery-caption' id='gallery-1-1162'>\n\t\t\t\tCabinet limbi romanice\n\t\t\t\t<\/dd><\/dl><dl class='gallery-item'>\n\t\t\t<dt class='gallery-icon landscape'>\n\t\t\t\t<a href='http:\/\/elenacuza.ro\/wp-content\/uploads\/2012\/12\/DSCF2380.jpg'><img width=\"150\" height=\"150\" src=\"http:\/\/elenacuza.ro\/wp-content\/uploads\/2012\/12\/DSCF2380-150x150.jpg\" class=\"attachment-thumbnail size-thumbnail\" alt=\"\" decoding=\"async\" loading=\"lazy\" aria-describedby=\"gallery-1-1180\" \/><\/a>\n\t\t\t<\/dt>\n\t\t\t\t<dd class='wp-caption-text gallery-caption' id='gallery-1-1180'>\n\t\t\t\tSal\u0103 festivit\u0103\u0163i\n\t\t\t\t<\/dd><\/dl><dl class='gallery-item'>\n\t\t\t<dt class='gallery-icon landscape'>\n\t\t\t\t<a href='http:\/\/elenacuza.ro\/wp-content\/uploads\/2012\/12\/Amfiteatru.jpg'><img width=\"150\" height=\"150\" src=\"http:\/\/elenacuza.ro\/wp-content\/uploads\/2012\/12\/Amfiteatru-150x150.jpg\" class=\"attachment-thumbnail size-thumbnail\" alt=\"\" decoding=\"async\" loading=\"lazy\" aria-describedby=\"gallery-1-2057\" \/><\/a>\n\t\t\t<\/dt>\n\t\t\t\t<dd class='wp-caption-text gallery-caption' id='gallery-1-2057'>\n\t\t\t\tSal\u0103 festivit\u0103\u021bi\n\t\t\t\t<\/dd><\/dl><br style=\"clear: both\" \/><dl class='gallery-item'>\n\t\t\t<dt class='gallery-icon landscape'>\n\t\t\t\t<a href='http:\/\/elenacuza.ro\/wp-content\/uploads\/2012\/12\/Spate-Scena.jpg'><img width=\"150\" height=\"150\" src=\"http:\/\/elenacuza.ro\/wp-content\/uploads\/2012\/12\/Spate-Scena-150x150.jpg\" class=\"attachment-thumbnail size-thumbnail\" alt=\"\" decoding=\"async\" loading=\"lazy\" aria-describedby=\"gallery-1-2061\" \/><\/a>\n\t\t\t<\/dt>\n\t\t\t\t<dd class='wp-caption-text gallery-caption' id='gallery-1-2061'>\n\t\t\t\tSal\u0103 curs\n\t\t\t\t<\/dd><\/dl><dl class='gallery-item'>\n\t\t\t<dt class='gallery-icon landscape'>\n\t\t\t\t<a href='http:\/\/elenacuza.ro\/wp-content\/uploads\/2012\/12\/Sala-sport-2.jpg'><img width=\"150\" height=\"150\" src=\"http:\/\/elenacuza.ro\/wp-content\/uploads\/2012\/12\/Sala-sport-2-150x150.jpg\" class=\"attachment-thumbnail size-thumbnail\" alt=\"\" decoding=\"async\" loading=\"lazy\" aria-describedby=\"gallery-1-74\" \/><\/a>\n\t\t\t<\/dt>\n\t\t\t\t<dd class='wp-caption-text gallery-caption' id='gallery-1-74'>\n\t\t\t\tSala Sport\n\t\t\t\t<\/dd><\/dl><dl class='gallery-item'>\n\t\t\t<dt class='gallery-icon landscape'>\n\t\t\t\t<a href='http:\/\/elenacuza.ro\/wp-content\/uploads\/2012\/12\/Sala-clasa-spate-scena-2.jpg'><img width=\"150\" height=\"150\" src=\"http:\/\/elenacuza.ro\/wp-content\/uploads\/2012\/12\/Sala-clasa-spate-scena-2-150x150.jpg\" class=\"attachment-thumbnail size-thumbnail\" alt=\"\" decoding=\"async\" loading=\"lazy\" aria-describedby=\"gallery-1-64\" \/><\/a>\n\t\t\t<\/dt>\n\t\t\t\t<dd class='wp-caption-text gallery-caption' id='gallery-1-64'>\n\t\t\t\tSal\u0103 curs\n\t\t\t\t<\/dd><\/dl><dl class='gallery-item'>\n\t\t\t<dt class='gallery-icon landscape'>\n\t\t\t\t<a href='http:\/\/elenacuza.ro\/wp-content\/uploads\/2012\/12\/IMG_38751.jpg'><img width=\"150\" height=\"150\" src=\"http:\/\/elenacuza.ro\/wp-content\/uploads\/2012\/12\/IMG_38751-150x150.jpg\" class=\"attachment-thumbnail size-thumbnail\" alt=\"\" decoding=\"async\" loading=\"lazy\" aria-describedby=\"gallery-1-2059\" \/><\/a>\n\t\t\t<\/dt>\n\t\t\t\t<dd class='wp-caption-text gallery-caption' id='gallery-1-2059'>\n\t\t\t\tSala Mese\n\t\t\t\t<\/dd><\/dl><dl class='gallery-item'>\n\t\t\t<dt class='gallery-icon landscape'>\n\t\t\t\t<a href='http:\/\/elenacuza.ro\/wp-content\/uploads\/2012\/12\/Sala-sport.jpg'><img width=\"150\" height=\"150\" src=\"http:\/\/elenacuza.ro\/wp-content\/uploads\/2012\/12\/Sala-sport-150x150.jpg\" class=\"attachment-thumbnail size-thumbnail\" alt=\"\" decoding=\"async\" loading=\"lazy\" aria-describedby=\"gallery-1-73\" \/><\/a>\n\t\t\t<\/dt>\n\t\t\t\t<dd class='wp-caption-text gallery-caption' id='gallery-1-73'>\n\t\t\t\tSala Sport\n\t\t\t\t<\/dd><\/dl><br style=\"clear: both\" \/><dl class='gallery-item'>\n\t\t\t<dt class='gallery-icon landscape'>\n\t\t\t\t<a href='http:\/\/elenacuza.ro\/wp-content\/uploads\/2012\/12\/Sala-gimnastica.jpg'><img width=\"150\" height=\"150\" src=\"http:\/\/elenacuza.ro\/wp-content\/uploads\/2012\/12\/Sala-gimnastica-150x150.jpg\" class=\"attachment-thumbnail size-thumbnail\" alt=\"\" decoding=\"async\" loading=\"lazy\" aria-describedby=\"gallery-1-72\" \/><\/a>\n\t\t\t<\/dt>\n\t\t\t\t<dd class='wp-caption-text gallery-caption' id='gallery-1-72'>\n\t\t\t\tSala gimnastic\u0103\n\t\t\t\t<\/dd><\/dl><dl class='gallery-item'>\n\t\t\t<dt class='gallery-icon landscape'>\n\t\t\t\t<a href='http:\/\/elenacuza.ro\/wp-content\/uploads\/2012\/12\/Sala-festivitati-5.jpg'><img width=\"150\" height=\"150\" src=\"http:\/\/elenacuza.ro\/wp-content\/uploads\/2012\/12\/Sala-festivitati-5-150x150.jpg\" class=\"attachment-thumbnail size-thumbnail\" alt=\"\" decoding=\"async\" loading=\"lazy\" aria-describedby=\"gallery-1-71\" \/><\/a>\n\t\t\t<\/dt>\n\t\t\t\t<dd class='wp-caption-text gallery-caption' id='gallery-1-71'>\n\t\t\t\tScen\u0103\n\t\t\t\t<\/dd><\/dl><dl class='gallery-item'>\n\t\t\t<dt class='gallery-icon landscape'>\n\t\t\t\t<a href='http:\/\/elenacuza.ro\/wp-content\/uploads\/2012\/12\/Sala-clasa-spate-scena-4.jpg'><img width=\"150\" height=\"150\" src=\"http:\/\/elenacuza.ro\/wp-content\/uploads\/2012\/12\/Sala-clasa-spate-scena-4-150x150.jpg\" class=\"attachment-thumbnail size-thumbnail\" alt=\"\" decoding=\"async\" loading=\"lazy\" aria-describedby=\"gallery-1-66\" \/><\/a>\n\t\t\t<\/dt>\n\t\t\t\t<dd class='wp-caption-text gallery-caption' id='gallery-1-66'>\n\t\t\t\tSal\u0103 curs\n\t\t\t\t<\/dd><\/dl><dl class='gallery-item'>\n\t\t\t<dt class='gallery-icon landscape'>\n\t\t\t\t<a href='http:\/\/elenacuza.ro\/wp-content\/uploads\/2012\/12\/Sala-clasa-spate-scena-3.jpg'><img width=\"150\" height=\"150\" src=\"http:\/\/elenacuza.ro\/wp-content\/uploads\/2012\/12\/Sala-clasa-spate-scena-3-150x150.jpg\" class=\"attachment-thumbnail size-thumbnail\" alt=\"\" decoding=\"async\" loading=\"lazy\" aria-describedby=\"gallery-1-65\" \/><\/a>\n\t\t\t<\/dt>\n\t\t\t\t<dd class='wp-caption-text gallery-caption' id='gallery-1-65'>\n\t\t\t\tSal\u0103 curs\n\t\t\t\t<\/dd><\/dl><dl class='gallery-item'>\n\t\t\t<dt class='gallery-icon landscape'>\n\t\t\t\t<a href='http:\/\/elenacuza.ro\/wp-content\/uploads\/2012\/12\/Sala-clasa-spate-scena.jpg'><img width=\"150\" height=\"150\" src=\"http:\/\/elenacuza.ro\/wp-content\/uploads\/2012\/12\/Sala-clasa-spate-scena-150x150.jpg\" class=\"attachment-thumbnail size-thumbnail\" alt=\"\" decoding=\"async\" loading=\"lazy\" aria-describedby=\"gallery-1-63\" \/><\/a>\n\t\t\t<\/dt>\n\t\t\t\t<dd class='wp-caption-text gallery-caption' id='gallery-1-63'>\n\t\t\t\tSal\u0103 curs\n\t\t\t\t<\/dd><\/dl><br style=\"clear: both\" \/><dl class='gallery-item'>\n\t\t\t<dt class='gallery-icon landscape'>\n\t\t\t\t<a href='http:\/\/elenacuza.ro\/wp-content\/uploads\/2012\/12\/Liceu-curte-interioara.jpg'><img width=\"150\" height=\"150\" src=\"http:\/\/elenacuza.ro\/wp-content\/uploads\/2012\/12\/Liceu-curte-interioara-150x150.jpg\" class=\"attachment-thumbnail size-thumbnail\" alt=\"\" decoding=\"async\" loading=\"lazy\" aria-describedby=\"gallery-1-62\" \/><\/a>\n\t\t\t<\/dt>\n\t\t\t\t<dd class='wp-caption-text gallery-caption' id='gallery-1-62'>\n\t\t\t\tEchipamente climatizare\n\t\t\t\t<\/dd><\/dl><dl class='gallery-item'>\n\t\t\t<dt class='gallery-icon landscape'>\n\t\t\t\t<a href='http:\/\/elenacuza.ro\/wp-content\/uploads\/2012\/12\/Intrare-curtea-interioara.jpg'><img width=\"150\" height=\"150\" src=\"http:\/\/elenacuza.ro\/wp-content\/uploads\/2012\/12\/Intrare-curtea-interioara-150x150.jpg\" class=\"attachment-thumbnail size-thumbnail\" alt=\"\" decoding=\"async\" loading=\"lazy\" aria-describedby=\"gallery-1-60\" \/><\/a>\n\t\t\t<\/dt>\n\t\t\t\t<dd class='wp-caption-text gallery-caption' id='gallery-1-60'>\n\t\t\t\tIntrare curte interioar\u0103\n\t\t\t\t<\/dd><\/dl><dl class='gallery-item'>\n\t\t\t<dt class='gallery-icon landscape'>\n\t\t\t\t<a href='http:\/\/elenacuza.ro\/wp-content\/uploads\/2012\/12\/baza-sportiva.jpg'><img width=\"150\" height=\"150\" src=\"http:\/\/elenacuza.ro\/wp-content\/uploads\/2012\/12\/baza-sportiva-150x150.jpg\" class=\"attachment-thumbnail size-thumbnail\" alt=\"\" decoding=\"async\" loading=\"lazy\" aria-describedby=\"gallery-1-57\" \/><\/a>\n\t\t\t<\/dt>\n\t\t\t\t<dd class='wp-caption-text gallery-caption' id='gallery-1-57'>\n\t\t\t\tBaza sportiv\u0103\n\t\t\t\t<\/dd><\/dl><dl class='gallery-item'>\n\t\t\t<dt class='gallery-icon landscape'>\n\t\t\t\t<a href='http:\/\/elenacuza.ro\/wp-content\/uploads\/2012\/12\/DSCF9518.jpg'><img width=\"150\" height=\"150\" src=\"http:\/\/elenacuza.ro\/wp-content\/uploads\/2012\/12\/DSCF9518-150x150.jpg\" class=\"attachment-thumbnail size-thumbnail\" alt=\"\" decoding=\"async\" loading=\"lazy\" aria-describedby=\"gallery-1-332\" \/><\/a>\n\t\t\t<\/dt>\n\t\t\t\t<dd class='wp-caption-text gallery-caption' id='gallery-1-332'>\n\t\t\t\tSala calculatoare c\u0103min\n\t\t\t\t<\/dd><\/dl><dl class='gallery-item'>\n\t\t\t<dt class='gallery-icon landscape'>\n\t\t\t\t<a href='http:\/\/elenacuza.ro\/wp-content\/uploads\/2012\/12\/DSCF9499.jpg'><img width=\"150\" height=\"150\" src=\"http:\/\/elenacuza.ro\/wp-content\/uploads\/2012\/12\/DSCF9499-150x150.jpg\" class=\"attachment-thumbnail size-thumbnail\" alt=\"\" decoding=\"async\" loading=\"lazy\" aria-describedby=\"gallery-1-328\" \/><\/a>\n\t\t\t<\/dt>\n\t\t\t\t<dd class='wp-caption-text gallery-caption' id='gallery-1-328'>\n\t\t\t\tCamer\u0103 c\u0103min\n\t\t\t\t<\/dd><\/dl><br style=\"clear: both\" \/><dl class='gallery-item'>\n\t\t\t<dt class='gallery-icon landscape'>\n\t\t\t\t<a href='http:\/\/elenacuza.ro\/wp-content\/uploads\/2012\/12\/DSCF9498.jpg'><img width=\"150\" height=\"150\" src=\"http:\/\/elenacuza.ro\/wp-content\/uploads\/2012\/12\/DSCF9498-150x150.jpg\" class=\"attachment-thumbnail size-thumbnail\" alt=\"\" decoding=\"async\" loading=\"lazy\" aria-describedby=\"gallery-1-330\" \/><\/a>\n\t\t\t<\/dt>\n\t\t\t\t<dd class='wp-caption-text gallery-caption' id='gallery-1-330'>\n\t\t\t\tCamer\u0103 c\u0103min\n\t\t\t\t<\/dd><\/dl><dl class='gallery-item'>\n\t\t\t<dt class='gallery-icon landscape'>\n\t\t\t\t<a href='http:\/\/elenacuza.ro\/wp-content\/uploads\/2012\/12\/DSCF9505.jpg'><img width=\"150\" height=\"150\" src=\"http:\/\/elenacuza.ro\/wp-content\/uploads\/2012\/12\/DSCF9505-150x150.jpg\" class=\"attachment-thumbnail size-thumbnail\" alt=\"\" decoding=\"async\" loading=\"lazy\" aria-describedby=\"gallery-1-334\" \/><\/a>\n\t\t\t<\/dt>\n\t\t\t\t<dd class='wp-caption-text gallery-caption' id='gallery-1-334'>\n\t\t\t\tBaie camer\u0103 c\u0103min\n\t\t\t\t<\/dd><\/dl><dl class='gallery-item'>\n\t\t\t<dt class='gallery-icon landscape'>\n\t\t\t\t<a href='http:\/\/elenacuza.ro\/wp-content\/uploads\/2012\/12\/DSCF9516.jpg'><img width=\"150\" height=\"150\" src=\"http:\/\/elenacuza.ro\/wp-content\/uploads\/2012\/12\/DSCF9516-150x150.jpg\" class=\"attachment-thumbnail size-thumbnail\" alt=\"\" decoding=\"async\" loading=\"lazy\" aria-describedby=\"gallery-1-336\" \/><\/a>\n\t\t\t<\/dt>\n\t\t\t\t<dd class='wp-caption-text gallery-caption' id='gallery-1-336'>\n\t\t\t\tCamer\u0103 c\u0103min\n\t\t\t\t<\/dd><\/dl><dl class='gallery-item'>\n\t\t\t<dt class='gallery-icon landscape'>\n\t\t\t\t<a href='http:\/\/elenacuza.ro\/wp-content\/uploads\/2015\/02\/DSCF1630.jpg'><img width=\"150\" height=\"150\" src=\"http:\/\/elenacuza.ro\/wp-content\/uploads\/2015\/02\/DSCF1630-150x150.jpg\" class=\"attachment-thumbnail size-thumbnail\" alt=\"\" decoding=\"async\" loading=\"lazy\" aria-describedby=\"gallery-1-960\" \/><\/a>\n\t\t\t<\/dt>\n\t\t\t\t<dd class='wp-caption-text gallery-caption' id='gallery-1-960'>\n\t\t\t\tSala ciclu primar\n\t\t\t\t<\/dd><\/dl>\n\t\t\t<br style='clear: both' \/>\n\t\t<\/div>\n\n<p>Baz\u0103 material\u0103 \u00een anul 2015 &#8211; 2016<\/p>\n<p>\u00cen anul \u015fcolar 2014-2015, au fost efectuate lucr\u0103ri de reabilitare a urm\u0103toarelor spa\u0163ii \u015fcolare:<\/p>\n<ul>\n<li>6 s\u0103li de clas\u0103 situate la parterul \u015fi etajul 1 din cl\u0103direa principal\u0103;<\/li>\n<li>3 laboratoare de informatic\u0103, sala albastr\u0103 (cabinetul de limbi moderne),\u00a0\u00a0laboratorul de chimie, laboratorul de biologie\u00a0;<\/li>\n<li>5 s\u0103li de clas\u0103 situate la etajul 2 din cl\u0103direa principal\u0103;<\/li>\n<li>cancelaria, 2 birouri adiministrative (serviciu secretariat \u015fi serviciu contabilitate), 2 cabinete directori, 1 cabinet psihopedagogic.<\/li>\n<\/ul>\n<p><a href=\"http:\/\/elenacuza.ro\/wp\/wp-content\/uploads\/2012\/12\/baza-sportiva.jpg\"><br \/>\n<\/a><\/p>\n","protected":false},"excerpt":{"rendered":"<p>Colegiul Na\u0163ional Elena Cuza din Craiova se \u00eentinde pe o suprafa\u0163\u0103 de 8600 mp, fiind format din 5 cl\u0103diri cu 47 s\u0103li de clas\u0103 moderne, dotate cu material didactic corespunz\u0103tor, dou\u0103 laboratoare de fizic\u0103, dou\u0103 laboratoare de chimie, trei cabinete media dotate cu 120 calculatoare, dou\u0103 cabinete de limba rom\u00e2na, [&hellip;]<\/p>\n","protected":false},"author":1,"featured_media":0,"parent":0,"menu_order":0,"comment_status":"closed","ping_status":"closed","template":"template-full-width.php","meta":[],"_links":{"self":[{"href":"http:\/\/elenacuza.ro\/index.php?rest_route=\/wp\/v2\/pages\/25"}],"collection":[{"href":"http:\/\/elenacuza.ro\/index.php?rest_route=\/wp\/v2\/pages"}],"about":[{"href":"http:\/\/elenacuza.ro\/index.php?rest_route=\/wp\/v2\/types\/page"}],"author":[{"embeddable":true,"href":"http:\/\/elenacuza.ro\/index.php?rest_route=\/wp\/v2\/users\/1"}],"replies":[{"embeddable":true,"href":"http:\/\/elenacuza.ro\/index.php?rest_route=%2Fwp%2Fv2%2Fcomments&post=25"}],"version-history":[{"count":36,"href":"http:\/\/elenacuza.ro\/index.php?rest_route=\/wp\/v2\/pages\/25\/revisions"}],"predecessor-version":[{"id":56,"href":"http:\/\/elenacuza.ro\/index.php?rest_route=\/wp\/v2\/pages\/25\/revisions\/56"}],"wp:attachment":[{"href":"http:\/\/elenacuza.ro\/index.php?rest_route=%2Fwp%2Fv2%2Fmedia&parent=25"}],"curies":[{"name":"wp","href":"https:\/\/api.w.org\/{rel}","templated":true}]}}