{"id":2076,"date":"2017-05-05T04:18:35","date_gmt":"2017-05-05T04:18:35","guid":{"rendered":"http:\/\/elenacuza.ro\/wp\/?page_id=2076"},"modified":"2022-12-14T10:38:59","modified_gmt":"2022-12-14T10:38:59","slug":"parteneriat-viata-noastra-in-germania-si-romania","status":"publish","type":"page","link":"http:\/\/elenacuza.ro\/?page_id=2076","title":{"rendered":"Parteneriat Via\u0163a noastr\u0103 \u00een Germania \u015fi Rom\u00e2nia"},"content":{"rendered":"<p><iframe loading=\"lazy\" src=\"http:\/\/elenacuza.ro\/wp-content\/uploads\/2017\/05\/Prezentare.pdf\" height=\"1100\" width=\"100%\" scrolling=\"auto\"><\/iframe><\/p>\n<p>&nbsp;<\/p>\n","protected":false},"excerpt":{"rendered":"<p>&nbsp;<\/p>\n","protected":false},"author":1,"featured_media":0,"parent":0,"menu_order":0,"comment_status":"closed","ping_status":"closed","template":"template-full-width.php","meta":[],"_links":{"self":[{"href":"http:\/\/elenacuza.ro\/index.php?rest_route=\/wp\/v2\/pages\/2076"}],"collection":[{"href":"http:\/\/elenacuza.ro\/index.php?rest_route=\/wp\/v2\/pages"}],"about":[{"href":"http:\/\/elenacuza.ro\/index.php?rest_route=\/wp\/v2\/types\/page"}],"author":[{"embeddable":true,"href":"http:\/\/elenacuza.ro\/index.php?rest_route=\/wp\/v2\/users\/1"}],"replies":[{"embeddable":true,"href":"http:\/\/elenacuza.ro\/index.php?rest_route=%2Fwp%2Fv2%2Fcomments&post=2076"}],"version-history":[{"count":6,"href":"http:\/\/elenacuza.ro\/index.php?rest_route=\/wp\/v2\/pages\/2076\/revisions"}],"predecessor-version":[{"id":4979,"href":"http:\/\/elenacuza.ro\/index.php?rest_route=\/wp\/v2\/pages\/2076\/revisions\/4979"}],"wp:attachment":[{"href":"http:\/\/elenacuza.ro\/index.php?rest_route=%2Fwp%2Fv2%2Fmedia&parent=2076"}],"curies":[{"name":"wp","href":"https:\/\/api.w.org\/{rel}","templated":true}]}}