{"id":1296,"date":"2015-10-19T03:47:56","date_gmt":"2015-10-19T03:47:56","guid":{"rendered":"http:\/\/elenacuza.ro\/wp\/?page_id=1296"},"modified":"2015-10-19T03:47:56","modified_gmt":"2015-10-19T03:47:56","slug":"dsd","status":"publish","type":"page","link":"http:\/\/elenacuza.ro\/?page_id=1296","title":{"rendered":"DSD"},"content":{"rendered":"<p align=\"center\"><b>CERTIFICATUL DE LIMBA GERMAN\u0102 DSD I (A2-B1)<\/b><\/p>\n<p>\u00a0\u00cencep\u00e2nd din anul 2015, C.N. \u201eElena Cuza\u201d a devenit centru acreditat pentru a sus\u0163ine \u015fi Examenul Interna\u0163ional de Limba German\u0103 DSD I pentru elevii de la clasa a X-a bilingv german\u0103, examen valabil \u00een \u00eentreaga lume \u015fi pe tot parcursul vie\u0163ii.<\/p>\n<p>Aceast\u0103 diplom\u0103 echivaleaz\u0103 proba de competen\u0163e lingvistice \u00een limba str\u0103in\u0103 din cadrul examenului de bacalaureat conform Ordinului Ministrului Educa\u0163iei OMECTS 5088\/31.08.2015 \u015fi ofer\u0103 elevilor de la clasa bilingv german\u0103 din C.N. \u201eElena Cuza\u201d posibilitatea de a dovedi oriunde \u015fi oric\u00e2nd c\u0103 st\u0103p\u00e2nesc limba german\u0103 \u015fi \u015fansa de a \u00eencepe un curs de formare \u00een Germania, respectiv de a lucra la firme germane din Germania, Austria, Elve\u0163ia sau Rom\u00e2nia.<\/p>\n<p>Trebuie men\u0163ionat c\u0103 \u00een anul \u015fcolar 2014-2015, certificatul a fost ob\u0163inut de to\u0163i elevii actualei clase a XI-a C (31), ceea ce dovede\u015fte o excelent\u0103 preg\u0103tire a acestora deja din clasa a X-a.<\/p>\n","protected":false},"excerpt":{"rendered":"<p>CERTIFICATUL DE LIMBA GERMAN\u0102 DSD I (A2-B1) \u00a0\u00cencep\u00e2nd din anul 2015, C.N. \u201eElena Cuza\u201d a devenit centru acreditat pentru a sus\u0163ine \u015fi Examenul Interna\u0163ional de Limba German\u0103 DSD I pentru elevii de la clasa a X-a bilingv german\u0103, examen valabil \u00een \u00eentreaga lume \u015fi pe tot parcursul vie\u0163ii. Aceast\u0103 diplom\u0103 [&hellip;]<\/p>\n","protected":false},"author":1,"featured_media":0,"parent":0,"menu_order":0,"comment_status":"closed","ping_status":"closed","template":"template-full-width.php","meta":[],"_links":{"self":[{"href":"http:\/\/elenacuza.ro\/index.php?rest_route=\/wp\/v2\/pages\/1296"}],"collection":[{"href":"http:\/\/elenacuza.ro\/index.php?rest_route=\/wp\/v2\/pages"}],"about":[{"href":"http:\/\/elenacuza.ro\/index.php?rest_route=\/wp\/v2\/types\/page"}],"author":[{"embeddable":true,"href":"http:\/\/elenacuza.ro\/index.php?rest_route=\/wp\/v2\/users\/1"}],"replies":[{"embeddable":true,"href":"http:\/\/elenacuza.ro\/index.php?rest_route=%2Fwp%2Fv2%2Fcomments&post=1296"}],"version-history":[{"count":1,"href":"http:\/\/elenacuza.ro\/index.php?rest_route=\/wp\/v2\/pages\/1296\/revisions"}],"predecessor-version":[{"id":1297,"href":"http:\/\/elenacuza.ro\/index.php?rest_route=\/wp\/v2\/pages\/1296\/revisions\/1297"}],"wp:attachment":[{"href":"http:\/\/elenacuza.ro\/index.php?rest_route=%2Fwp%2Fv2%2Fmedia&parent=1296"}],"curies":[{"name":"wp","href":"https:\/\/api.w.org\/{rel}","templated":true}]}}