{"id":1207,"date":"2015-10-09T05:55:30","date_gmt":"2015-10-09T05:55:30","guid":{"rendered":"http:\/\/elenacuza.ro\/wp\/?page_id=1207"},"modified":"2015-11-06T12:48:55","modified_gmt":"2015-11-06T12:48:55","slug":"elevi","status":"publish","type":"page","link":"http:\/\/elenacuza.ro\/?page_id=1207","title":{"rendered":"Elevi"},"content":{"rendered":"<p>&nbsp;<\/p>\n<p><b><a href=\"http:\/\/www.elenacuza.ro\/site\/images\/elevi.pdf\" target=\"_blank\">Efective elevi<\/a><\/b><\/p>\n<p><a href=\"http:\/\/www.elenacuza.ro\/site\/images\/premii2015.pdf\" target=\"_blank\"><b>Rezultate olimpiade \u015fi concursuri<\/b><\/a><\/p>\n<p><a href=\"http:\/\/www.elenacuza.ro\/site\/images\/examene2015.pdf\" target=\"_blank\"><b>Rezultate examene na\u0163ionale<\/b><\/a><\/p>\n<p><a href=\"http:\/\/www.elenacuza.ro\/site\/images\/CSE2015.pdf\" target=\"_blank\"><b>Consiliul \u015ecolar al Elevilor<\/b><\/a><\/p>\n<p><a href=\"http:\/\/www.elenacuza.ro\/site\/images\/insertie.pdf\" target=\"_blank\"><b>Inser\u0163ie Absolven\u0163i 2015<\/b><\/a><\/p>\n<p><a href=\"http:\/\/www.elenacuza.ro\/site\/images\/proiecteelevi.pdf\" target=\"_blank\"><b>Parteneriate \u015fi proiecte 2015-2016<\/b><\/a><\/p>\n<p>&nbsp;<\/p>\n","protected":false},"excerpt":{"rendered":"<p>&nbsp; Efective elevi Rezultate olimpiade \u015fi concursuri Rezultate examene na\u0163ionale Consiliul \u015ecolar al Elevilor Inser\u0163ie Absolven\u0163i 2015 Parteneriate \u015fi proiecte 2015-2016 &nbsp;<\/p>\n","protected":false},"author":1,"featured_media":0,"parent":0,"menu_order":0,"comment_status":"closed","ping_status":"closed","template":"template-full-width.php","meta":[],"_links":{"self":[{"href":"http:\/\/elenacuza.ro\/index.php?rest_route=\/wp\/v2\/pages\/1207"}],"collection":[{"href":"http:\/\/elenacuza.ro\/index.php?rest_route=\/wp\/v2\/pages"}],"about":[{"href":"http:\/\/elenacuza.ro\/index.php?rest_route=\/wp\/v2\/types\/page"}],"author":[{"embeddable":true,"href":"http:\/\/elenacuza.ro\/index.php?rest_route=\/wp\/v2\/users\/1"}],"replies":[{"embeddable":true,"href":"http:\/\/elenacuza.ro\/index.php?rest_route=%2Fwp%2Fv2%2Fcomments&post=1207"}],"version-history":[{"count":22,"href":"http:\/\/elenacuza.ro\/index.php?rest_route=\/wp\/v2\/pages\/1207\/revisions"}],"predecessor-version":[{"id":1340,"href":"http:\/\/elenacuza.ro\/index.php?rest_route=\/wp\/v2\/pages\/1207\/revisions\/1340"}],"wp:attachment":[{"href":"http:\/\/elenacuza.ro\/index.php?rest_route=%2Fwp%2Fv2%2Fmedia&parent=1207"}],"curies":[{"name":"wp","href":"https:\/\/api.w.org\/{rel}","templated":true}]}}