{"id":1113,"date":"2015-09-18T08:52:35","date_gmt":"2015-09-18T08:52:35","guid":{"rendered":"http:\/\/elenacuza.ro\/wp\/?page_id=1113"},"modified":"2015-09-18T09:04:42","modified_gmt":"2015-09-18T09:04:42","slug":"catalogul-manualelor-scolare","status":"publish","type":"page","link":"http:\/\/elenacuza.ro\/?page_id=1113","title":{"rendered":"Manuale \u0219colare"},"content":{"rendered":"<address id=\"firstHeading\" lang=\"ro\">Ministerul Educa\u021biei \u0219i Cercet\u0103rii \u0218tiin\u021bifice a publicat catalogul manualelor \u0219colare valabile \u00een \u00eenv\u0103\u021b\u0103m\u00e2ntul preuniversitar pentru anul \u0219colar 2015-2016<\/address>\n<address lang=\"ro\">El poate si accesat la adresa:<\/address>\n<p><a href=\"http:\/\/www.edu.ro\/index.php\/articles\/22765\" target=\"_blank\">\u00a0<\/a><\/p>\n<address lang=\"ro\"><a href=\"http:\/\/www.edu.ro\/index.php\/articles\/22765\" target=\"_blank\">http:\/\/www.edu.ro\/index.php\/articles\/22765<\/a><\/address>\n<p><a href=\"http:\/\/www.edu.ro\/index.php\/articles\/22765\" target=\"_blank\">\u00a0<\/a><\/p>\n<p>&nbsp;<\/p>\n","protected":false},"excerpt":{"rendered":"<p>Ministerul Educa\u021biei \u0219i Cercet\u0103rii \u0218tiin\u021bifice a publicat catalogul manualelor \u0219colare valabile \u00een \u00eenv\u0103\u021b\u0103m\u00e2ntul preuniversitar pentru anul \u0219colar 2015-2016 El poate si accesat la adresa: \u00a0 http:\/\/www.edu.ro\/index.php\/articles\/22765 \u00a0 &nbsp;<\/p>\n","protected":false},"author":1,"featured_media":0,"parent":0,"menu_order":0,"comment_status":"closed","ping_status":"closed","template":"template-full-width.php","meta":[],"_links":{"self":[{"href":"http:\/\/elenacuza.ro\/index.php?rest_route=\/wp\/v2\/pages\/1113"}],"collection":[{"href":"http:\/\/elenacuza.ro\/index.php?rest_route=\/wp\/v2\/pages"}],"about":[{"href":"http:\/\/elenacuza.ro\/index.php?rest_route=\/wp\/v2\/types\/page"}],"author":[{"embeddable":true,"href":"http:\/\/elenacuza.ro\/index.php?rest_route=\/wp\/v2\/users\/1"}],"replies":[{"embeddable":true,"href":"http:\/\/elenacuza.ro\/index.php?rest_route=%2Fwp%2Fv2%2Fcomments&post=1113"}],"version-history":[{"count":5,"href":"http:\/\/elenacuza.ro\/index.php?rest_route=\/wp\/v2\/pages\/1113\/revisions"}],"predecessor-version":[{"id":1119,"href":"http:\/\/elenacuza.ro\/index.php?rest_route=\/wp\/v2\/pages\/1113\/revisions\/1119"}],"wp:attachment":[{"href":"http:\/\/elenacuza.ro\/index.php?rest_route=%2Fwp%2Fv2%2Fmedia&parent=1113"}],"curies":[{"name":"wp","href":"https:\/\/api.w.org\/{rel}","templated":true}]}}